{"id":50223,"date":"2021-11-22T14:25:31","date_gmt":"2021-11-22T13:25:31","guid":{"rendered":"https:\/\/trykot.com\/?page_id=50223"},"modified":"2024-02-20T00:12:21","modified_gmt":"2024-02-19T23:12:21","slug":"polityka-prywatnosci","status":"publish","type":"page","link":"https:\/\/trykot.com\/index.php\/polityka-prywatnosci\/","title":{"rendered":"Polityka prywatno\u015bci"},"content":{"rendered":"<p>[et_pb_section admin_label=&#8221;section&#8221;]<br \/>\n\t\t\t[et_pb_row admin_label=&#8221;row&#8221;]<br \/>\n\t\t\t\t[et_pb_column type=&#8221;4_4&#8243;][et_pb_text admin_label=&#8221;Text&#8221;]<\/p>\n<p><strong>Polityka Prywatno\u015bci<\/strong><\/p>\n<p>Administratorem danych osobowych jest CRAFT Izabela Kot-Gawrylczyk, Ul. Skalbmierska 4 lok. 15, 01-844 Warszawa, NIP 118 153 48 74<\/p>\n<p>U\u017cytkownikiem jest ka\u017cdy podmiot korzystaj\u0105cy ze strony internetowej.<\/p>\n<p><strong>Jakie informacje o u\u017cytkownikach gromadzi nasza strona internetowa i w jaki spos&oacute;b mo\u017ce je wykorzystywa\u0107?<\/strong><\/p>\n<p>Nasza strona internetowa b\u0119dzie wykorzystywa\u0142a (jak r&oacute;wnie\u017c zbiera\u0142a informacje) o odwiedzaj\u0105cych j\u0105 osobach jedynie w takim zakresie, w jaki jest to niezb\u0119dne do \u015bwiadczenia us\u0142ug na najwy\u017cszym poziomie.<\/p>\n<p>W pojedynczych przypadkach pozwalamy sobie zbiera\u0107 informacje o u\u017cytkownikach takie jak: adres poczty elektronicznej lub dane osobowo-adresowe (np. w przypadku bada\u0144 ankietowych czy te\u017c badania formularzy kontaktowych).<\/p>\n<p>\u017badne z&nbsp;powy\u017cszych informacji nie b\u0119d\u0105 przekazywane osobom trzecim w celach innych ni\u017c niezb\u0119dne do wykonania zam&oacute;wienia\/us\u0142ugi etc.<\/p>\n<p>Adresy IP naszych u\u017cytkownik&oacute;w s\u0105 wykorzystywane w takich przypadkach jak: diagnoza problem&oacute;w zwi\u0105zanych z prac\u0105 naszego serwera\/analizy narusze\u0144 bezpiecze\u0144stwa czy te\u017c w zwi\u0105zku z&nbsp;zarz\u0105dzaniem nasz\u0105 stron\u0105 internetow\u0105. Adres IP mo\u017ce by\u0107 r&oacute;wnie\u017c wykorzystywany do gromadzenia czy te\u017c identyfikacji danych demograficznych os&oacute;b, kt&oacute;re odwiedzaj\u0105 nasz\u0105 stron\u0119 internetow\u0105.<\/p>\n<p>W&nbsp;szczeg&oacute;lnych przypadkach mo\u017cemy dopu\u015bci\u0107 sporz\u0105dzenia zbiorczych raport&oacute;w\/ og&oacute;lnych zestawie\u0144 tematycznych, kt&oacute;re zostan\u0105 ujawnione osobom trzecim (podane zestawienia nie zawieraj\u0105 danych pozwalaj\u0105cych na identyfikacj\u0119 u\u017cytkownik&oacute;w witryny).<\/p>\n<p>&nbsp;Uzyskiwane dane mo\u017cemy przekazywa\u0107 podmiotom trzecim w przypadku, gdy te podmioty \u015bwiadcz\u0105 na nasz\u0105 rzecz: us\u0142ugi zwi\u0105zane z obs\u0142ug\u0105 naszej strony internetowej, us\u0142ugi zwi\u0105zane z realizacj\u0105 um&oacute;w zawartych poprzez nasz\u0105 stron\u0119 internetow\u0105, us\u0142ugi zwi\u0105zane ze zbieraniem danych statystycznych, czy te\u017c us\u0142ugi marketingowe (w postaci remarketingu). W ka\u017cdym takim przypadku podstaw\u0105 przekazania danych jest zagwarantowanie przez podmiot zewn\u0119trzny gwarancji poufno\u015bci danych zapisanych w jego bazach.<\/p>\n<p>Mo\u017cemy przekazywa\u0107 uzyskane dane do pa\u0144stw spoza Europejskiego Obszaru Gospodarczego tylko w przypadku, gdy \u0142\u0105czy nas umowa z us\u0142ugodawc\u0105 maj\u0105cym swoj\u0105 siedzib\u0119 poza Europejskim Obszarem Gospodarczym. W ka\u017cdym takim przypadku sprawdzamy czy pa\u0144stwo trzecie zapewnia odpowiedni poziom ochrony danych osobowych.<\/p>\n<p><strong>Cookies<\/strong><\/p>\n<p>Nasza witryna internetowa wykorzystuje pliki cookies, kt&oacute;re s\u0142u\u017c\u0105 u\u0142atwieniu korzystania z zasob&oacute;w naszej strony. Cookies zawieraj\u0105 u\u017cyteczne informacje i s\u0105 przechowywane na komputerze U\u017cytkownika &#8211; nasz serwer mo\u017ce je odczyta\u0107 przy ponownym po\u0142\u0105czeniu z tym komputerem. Nasza strona internetowa wykorzystuje cookies w celach statystycznych, marketingowych (w postaci remarktingu) oraz w celu zapewnienia prawid\u0142owego funkcjonowania strony internetowej.<\/p>\n<p>U\u017cytkownik ma mo\u017cliwo\u015b\u0107 skonfigurowania przegl\u0105darki internetowej w taki spos&oacute;b, aby uniemo\u017cliwia\u0142a ona przechowywanie plik&oacute;w cookies na urz\u0105dzeniu U\u017cytkownika. Informacje dotycz\u0105ce ustawie\u0144 przegl\u0105darki s\u0105 dost\u0119pne w jej menu lub na stronie producenta. Wy\u0142\u0105czenie informacji cookies w przegl\u0105darce nie pozbawia U\u017cytkownika dost\u0119pu do zasob&oacute;w naszej strony internetowej, jednak mo\u017ce powodowa\u0107 utrudnienia w korzystaniu z niej.<\/p>\n<p>Pliki cookies mog\u0105 by\u0107 przez U\u017cytkownika usuni\u0119te po ich zapisaniu, poprzez odpowiednie funkcje przegl\u0105darki internetowej, programy s\u0142u\u017c\u0105ce w tym celu lub skorzystanie z odpowiednich narz\u0119dzi dost\u0119pnych w ramach systemu operacyjnego, z kt&oacute;rego korzysta U\u017cytkownik.<\/p>\n<p>Wi\u0119cej o plikach cookies przeczytasz m.in. pod adresem: https:\/\/pl.wikipedia.org\/wiki\/HTTP_cookie.<\/p>\n<p><strong>Informacja o politykach prywatno\u015bci dostawc&oacute;w zewn\u0119trznych<\/strong><\/p>\n<ul>\n<li>\n<p>Google &ndash;&nbsp;<a href=\"https:\/\/www.google.pl\/intl\/pl\/policies\"><u>https:\/\/www.google.pl\/intl\/pl\/policies<\/u><\/a><\/p>\n<\/li>\n<li>\n<p>Facebook &ndash;&nbsp;<a href=\"https:\/\/www.facebook.com\/about\/privacy\/cookies\"><u>https:\/\/www.facebook.com\/about\/privacy\/cookies<\/u><\/a><\/p>\n<\/li>\n<li>\n<p>Disqus &ndash;&nbsp;<a href=\"https:\/\/help.disqus.com\/customer\/portal\/articles\/466259-privacy-policy\"><u>https:\/\/help.disqus.com\/customer\/portal\/articles\/466259-privacy-policy<\/u><\/a><\/p>\n<\/li>\n<li>\n<p>Twitter &ndash;&nbsp;<a href=\"https:\/\/twitter.com\/privacy\"><u>https:\/\/twitter.com\/privacy<\/u><\/a><\/p>\n<\/li>\n<\/ul>\n<p><strong>Ochrona prywatno\u015bci os&oacute;b niepe\u0142noletnich.<\/strong><\/p>\n<p>Nasza strona internetowa nie monitoruje i nie weryfikuje informacji na temat wieku swojej spo\u0142eczno\u015bci. Informacje kontaktowe od os&oacute;b odwiedzaj\u0105cych nasz\u0105 stron\u0119 internetow\u0105 (takie jak adresy poczty elektronicznej u\u017cytkownik&oacute;w) s\u0105 wykorzystywane zgodnie z celem w zwi\u0105zku z kt&oacute;rym zosta\u0142y one pozyskane. Osoby niepe\u0142noletnie nie powinny wysy\u0142a\u0107 \u017cadnych informacji ani subskrybowa\u0107 us\u0142ug \u015bwiadczonych przez nasz serwis bez wiedzy swoich rodzic&oacute;w lub opiekun&oacute;w.<\/p>\n<p><strong>Zabezpieczenia&nbsp;<\/strong><br \/>Nasza strona internetowa zaopatrzona jest w \u015brodki bezpiecze\u0144stwa, maj\u0105ce na celu ochron\u0119 danych pozostaj\u0105cych pod nasz\u0105 kontrol\u0105 przed utrat\u0105, niew\u0142a\u015bciwym wykorzystaniem czy te\u017c modyfikacj\u0105. Zobowi\u0105zujemy si\u0119 chroni\u0107 wszelkie informacje ujawnione nam przez U\u017cytkownik&oacute;w zgodnie z&nbsp;normami ochrony bezpiecze\u0144stwa i zachowania poufno\u015bci. Prawa dost\u0119pu do danych osobowych u\u017cytkownik&oacute;w serwisu zosta\u0142y w&nbsp;restrykcyjny spos&oacute;b ograniczone tak, aby informacje te nie znalaz\u0142y si\u0119 w r\u0119kach os&oacute;b niepowo\u0142anych. Dost\u0119p do danych osobowo-adresowych ma tylko ograniczona liczba uprawnionych os&oacute;b na zasadach zgodnych z przepisami dotycz\u0105cymi ochrony danych osobowych os&oacute;b fizycznych.<\/p>\n<p><strong>Prawa os&oacute;b fizycznych, kt&oacute;rych dane osobowe s\u0105 przetwarzane<\/strong><\/p>\n<p>Informujemy, \u017ce w ka\u017cdym przypadku przys\u0142uguje Pa\u0144stwu prawo do \u017c\u0105dania: dost\u0119pu do swoich danych osobowych, ich sprostowania, usuni\u0119cia, ograniczenia przetwarzania lub wniesienia sprzeciwu wobec ich przetwarzania lub z\u0142o\u017cy\u0107 skarg\u0119 do organu nadzorczego. Mog\u0105 r&oacute;wnie\u017c Pa\u0144stwo \u017c\u0105da\u0107 przeniesienia swoich danych osobowych do innego podmiotu.<\/p>\n<p>W ka\u017cdym czasie mog\u0105 Pa\u0144stwo tak\u017ce cofn\u0105\u0107 zgod\u0119 na przetwarzanie swoich danych osobowych.<\/p>\n<p>Cofni\u0119cie zgody pozostaje bez wp\u0142ywu na zgodno\u015b\u0107 z prawem przetwarzania, kt&oacute;rego dokonano na podstawie zgody przed jej cofni\u0119ciem.<\/p>\n<p>[\/et_pb_text][\/et_pb_column]<br \/>\n\t\t\t[\/et_pb_row]<br \/>\n\t\t[\/et_pb_section]<\/p>\n","protected":false},"excerpt":{"rendered":"<p>Polityka Prywatno\u015bci Administratorem danych osobowych jest CRAFT Izabela Kot-Gawrylczyk, Ul. Skalbmierska 4 lok. 15, 01-844 Warszawa, NIP 118 153 48 74 U\u017cytkownikiem jest ka\u017cdy podmiot korzystaj\u0105cy ze strony internetowej. Jakie informacje o u\u017cytkownikach gromadzi nasza strona internetowa i w jaki spos&oacute;b mo\u017ce je wykorzystywa\u0107? Nasza strona internetowa b\u0119dzie wykorzystywa\u0142a (jak r&oacute;wnie\u017c zbiera\u0142a informacje) o odwiedzaj\u0105cych [&hellip;]<\/p>\n","protected":false},"author":1,"featured_media":0,"parent":0,"menu_order":0,"comment_status":"closed","ping_status":"closed","template":"","meta":{"_et_pb_use_builder":"on","_et_pb_old_content":"<p><\/p>\r\n<p><strong>Polityka Prywatno\u015bci<\/strong><\/p>\r\n<p>Administratorem danych osobowych jest CRAFT Izabela Kot-Gawrylczyk, Ul. Skalbmierska 4 lok. 15, 01-844 Warszawa, NIP 118 153 48 74<\/p>\r\n<p>U\u017cytkownikiem jest ka\u017cdy podmiot korzystaj\u0105cy ze strony internetowej.<\/p>\r\n<p><strong>Jakie informacje o u\u017cytkownikach gromadzi nasza strona internetowa i w jaki spos&oacute;b mo\u017ce je wykorzystywa\u0107?<\/strong><\/p>\r\n<p>Nasza strona internetowa b\u0119dzie wykorzystywa\u0142a (jak r&oacute;wnie\u017c zbiera\u0142a informacje) o odwiedzaj\u0105cych j\u0105 osobach jedynie w takim zakresie, w jaki jest to niezb\u0119dne do \u015bwiadczenia us\u0142ug na najwy\u017cszym poziomie.<\/p>\r\n<p>W pojedynczych przypadkach pozwalamy sobie zbiera\u0107 informacje o u\u017cytkownikach takie jak: adres poczty elektronicznej lub dane osobowo-adresowe (np. w przypadku bada\u0144 ankietowych czy te\u017c badania formularzy kontaktowych).<\/p>\r\n<p>\u017badne z&nbsp;powy\u017cszych informacji nie b\u0119d\u0105 przekazywane osobom trzecim w celach innych ni\u017c niezb\u0119dne do wykonania zam&oacute;wienia\/us\u0142ugi etc.<\/p>\r\n<p>Adresy IP naszych u\u017cytkownik&oacute;w s\u0105 wykorzystywane w takich przypadkach jak: diagnoza problem&oacute;w zwi\u0105zanych z prac\u0105 naszego serwera\/analizy narusze\u0144 bezpiecze\u0144stwa czy te\u017c w zwi\u0105zku z&nbsp;zarz\u0105dzaniem nasz\u0105 stron\u0105 internetow\u0105. Adres IP mo\u017ce by\u0107 r&oacute;wnie\u017c wykorzystywany do gromadzenia czy te\u017c identyfikacji danych demograficznych os&oacute;b, kt&oacute;re odwiedzaj\u0105 nasz\u0105 stron\u0119 internetow\u0105.<\/p>\r\n<p>W&nbsp;szczeg&oacute;lnych przypadkach mo\u017cemy dopu\u015bci\u0107 sporz\u0105dzenia zbiorczych raport&oacute;w\/ og&oacute;lnych zestawie\u0144 tematycznych, kt&oacute;re zostan\u0105 ujawnione osobom trzecim (podane zestawienia nie zawieraj\u0105 danych pozwalaj\u0105cych na identyfikacj\u0119 u\u017cytkownik&oacute;w witryny).<\/p>\r\n<p>&nbsp;Uzyskiwane dane mo\u017cemy przekazywa\u0107 podmiotom trzecim w przypadku, gdy te podmioty \u015bwiadcz\u0105 na nasz\u0105 rzecz: us\u0142ugi zwi\u0105zane z obs\u0142ug\u0105 naszej strony internetowej, us\u0142ugi zwi\u0105zane z realizacj\u0105 um&oacute;w zawartych poprzez nasz\u0105 stron\u0119 internetow\u0105, us\u0142ugi zwi\u0105zane ze zbieraniem danych statystycznych, czy te\u017c us\u0142ugi marketingowe (w postaci remarketingu). W ka\u017cdym takim przypadku podstaw\u0105 przekazania danych jest zagwarantowanie przez podmiot zewn\u0119trzny gwarancji poufno\u015bci danych zapisanych w jego bazach.<\/p>\r\n<p>Mo\u017cemy przekazywa\u0107 uzyskane dane do pa\u0144stw spoza Europejskiego Obszaru Gospodarczego tylko w przypadku, gdy \u0142\u0105czy nas umowa z us\u0142ugodawc\u0105 maj\u0105cym swoj\u0105 siedzib\u0119 poza Europejskim Obszarem Gospodarczym. W ka\u017cdym takim przypadku sprawdzamy czy pa\u0144stwo trzecie zapewnia odpowiedni poziom ochrony danych osobowych.<\/p>\r\n<p><strong>Cookies<\/strong><\/p>\r\n<p>Nasza witryna internetowa wykorzystuje pliki cookies, kt&oacute;re s\u0142u\u017c\u0105 u\u0142atwieniu korzystania z zasob&oacute;w naszej strony. Cookies zawieraj\u0105 u\u017cyteczne informacje i s\u0105 przechowywane na komputerze U\u017cytkownika - nasz serwer mo\u017ce je odczyta\u0107 przy ponownym po\u0142\u0105czeniu z tym komputerem. Nasza strona internetowa wykorzystuje cookies w celach statystycznych, marketingowych (w postaci remarktingu) oraz w celu zapewnienia prawid\u0142owego funkcjonowania strony internetowej.<\/p>\r\n<p>U\u017cytkownik ma mo\u017cliwo\u015b\u0107 skonfigurowania przegl\u0105darki internetowej w taki spos&oacute;b, aby uniemo\u017cliwia\u0142a ona przechowywanie plik&oacute;w cookies na urz\u0105dzeniu U\u017cytkownika. Informacje dotycz\u0105ce ustawie\u0144 przegl\u0105darki s\u0105 dost\u0119pne w jej menu lub na stronie producenta. Wy\u0142\u0105czenie informacji cookies w przegl\u0105darce nie pozbawia U\u017cytkownika dost\u0119pu do zasob&oacute;w naszej strony internetowej, jednak mo\u017ce powodowa\u0107 utrudnienia w korzystaniu z niej.<\/p>\r\n<p>Pliki cookies mog\u0105 by\u0107 przez U\u017cytkownika usuni\u0119te po ich zapisaniu, poprzez odpowiednie funkcje przegl\u0105darki internetowej, programy s\u0142u\u017c\u0105ce w tym celu lub skorzystanie z odpowiednich narz\u0119dzi dost\u0119pnych w ramach systemu operacyjnego, z kt&oacute;rego korzysta U\u017cytkownik.<\/p>\r\n<p>Wi\u0119cej o plikach cookies przeczytasz m.in. pod adresem: https:\/\/pl.wikipedia.org\/wiki\/HTTP_cookie.<\/p>\r\n<p><strong>Informacja o politykach prywatno\u015bci dostawc&oacute;w zewn\u0119trznych<\/strong><\/p>\r\n<ul>\r\n<li>\r\n<p>Google &ndash;&nbsp;<a href=\"https:\/\/www.google.pl\/intl\/pl\/policies\"><u>https:\/\/www.google.pl\/intl\/pl\/policies<\/u><\/a><\/p>\r\n<\/li>\r\n<li>\r\n<p>Facebook &ndash;&nbsp;<a href=\"https:\/\/www.facebook.com\/about\/privacy\/cookies\"><u>https:\/\/www.facebook.com\/about\/privacy\/cookies<\/u><\/a><\/p>\r\n<\/li>\r\n<li>\r\n<p>Disqus &ndash;&nbsp;<a href=\"https:\/\/help.disqus.com\/customer\/portal\/articles\/466259-privacy-policy\"><u>https:\/\/help.disqus.com\/customer\/portal\/articles\/466259-privacy-policy<\/u><\/a><\/p>\r\n<\/li>\r\n<li>\r\n<p>Twitter &ndash;&nbsp;<a href=\"https:\/\/twitter.com\/privacy\"><u>https:\/\/twitter.com\/privacy<\/u><\/a><\/p>\r\n<\/li>\r\n<\/ul>\r\n<p><strong>Ochrona prywatno\u015bci os&oacute;b niepe\u0142noletnich.<\/strong><\/p>\r\n<p>Nasza strona internetowa nie monitoruje i nie weryfikuje informacji na temat wieku swojej spo\u0142eczno\u015bci. Informacje kontaktowe od os&oacute;b odwiedzaj\u0105cych nasz\u0105 stron\u0119 internetow\u0105 (takie jak adresy poczty elektronicznej u\u017cytkownik&oacute;w) s\u0105 wykorzystywane zgodnie z celem w zwi\u0105zku z kt&oacute;rym zosta\u0142y one pozyskane. Osoby niepe\u0142noletnie nie powinny wysy\u0142a\u0107 \u017cadnych informacji ani subskrybowa\u0107 us\u0142ug \u015bwiadczonych przez nasz serwis bez wiedzy swoich rodzic&oacute;w lub opiekun&oacute;w.<\/p>\r\n<p><strong>Zabezpieczenia&nbsp;<\/strong><br \/>Nasza strona internetowa zaopatrzona jest w \u015brodki bezpiecze\u0144stwa, maj\u0105ce na celu ochron\u0119 danych pozostaj\u0105cych pod nasz\u0105 kontrol\u0105 przed utrat\u0105, niew\u0142a\u015bciwym wykorzystaniem czy te\u017c modyfikacj\u0105. Zobowi\u0105zujemy si\u0119 chroni\u0107 wszelkie informacje ujawnione nam przez U\u017cytkownik&oacute;w zgodnie z&nbsp;normami ochrony bezpiecze\u0144stwa i zachowania poufno\u015bci. Prawa dost\u0119pu do danych osobowych u\u017cytkownik&oacute;w serwisu zosta\u0142y w&nbsp;restrykcyjny spos&oacute;b ograniczone tak, aby informacje te nie znalaz\u0142y si\u0119 w r\u0119kach os&oacute;b niepowo\u0142anych. Dost\u0119p do danych osobowo-adresowych ma tylko ograniczona liczba uprawnionych os&oacute;b na zasadach zgodnych z przepisami dotycz\u0105cymi ochrony danych osobowych os&oacute;b fizycznych.<\/p>\r\n<p><strong>Prawa os&oacute;b fizycznych, kt&oacute;rych dane osobowe s\u0105 przetwarzane<\/strong><\/p>\r\n<p>Informujemy, \u017ce w ka\u017cdym przypadku przys\u0142uguje Pa\u0144stwu prawo do \u017c\u0105dania: dost\u0119pu do swoich danych osobowych, ich sprostowania, usuni\u0119cia, ograniczenia przetwarzania lub wniesienia sprzeciwu wobec ich przetwarzania lub z\u0142o\u017cy\u0107 skarg\u0119 do organu nadzorczego. Mog\u0105 r&oacute;wnie\u017c Pa\u0144stwo \u017c\u0105da\u0107 przeniesienia swoich danych osobowych do innego podmiotu.<\/p>\r\n<p>W ka\u017cdym czasie mog\u0105 Pa\u0144stwo tak\u017ce cofn\u0105\u0107 zgod\u0119 na przetwarzanie swoich danych osobowych.<\/p>\r\n<p>Cofni\u0119cie zgody pozostaje bez wp\u0142ywu na zgodno\u015b\u0107 z prawem przetwarzania, kt&oacute;rego dokonano na podstawie zgody przed jej cofni\u0119ciem.<\/p>\r\n","_et_gb_content_width":"","footnotes":""},"class_list":["post-50223","page","type-page","status-publish","hentry"],"_links":{"self":[{"href":"https:\/\/trykot.com\/index.php\/wp-json\/wp\/v2\/pages\/50223","targetHints":{"allow":["GET"]}}],"collection":[{"href":"https:\/\/trykot.com\/index.php\/wp-json\/wp\/v2\/pages"}],"about":[{"href":"https:\/\/trykot.com\/index.php\/wp-json\/wp\/v2\/types\/page"}],"author":[{"embeddable":true,"href":"https:\/\/trykot.com\/index.php\/wp-json\/wp\/v2\/users\/1"}],"replies":[{"embeddable":true,"href":"https:\/\/trykot.com\/index.php\/wp-json\/wp\/v2\/comments?post=50223"}],"version-history":[{"count":4,"href":"https:\/\/trykot.com\/index.php\/wp-json\/wp\/v2\/pages\/50223\/revisions"}],"predecessor-version":[{"id":53055,"href":"https:\/\/trykot.com\/index.php\/wp-json\/wp\/v2\/pages\/50223\/revisions\/53055"}],"wp:attachment":[{"href":"https:\/\/trykot.com\/index.php\/wp-json\/wp\/v2\/media?parent=50223"}],"curies":[{"name":"wp","href":"https:\/\/api.w.org\/{rel}","templated":true}]}}