{"id":51959,"date":"2023-08-07T15:09:35","date_gmt":"2023-08-07T13:09:35","guid":{"rendered":"https:\/\/trykot.com\/?page_id=51959"},"modified":"2023-09-21T12:03:04","modified_gmt":"2023-09-21T10:03:04","slug":"zwroty-i-reklamacje","status":"publish","type":"page","link":"https:\/\/trykot.com\/index.php\/zwroty-i-reklamacje\/","title":{"rendered":"Zwroty i Reklamacje"},"content":{"rendered":"<p>[et_pb_section fb_built=&#8221;1&#8243; admin_label=&#8221;section&#8221; _builder_version=&#8221;4.16&#8243; global_colors_info=&#8221;{}&#8221;][et_pb_row _builder_version=&#8221;4.16&#8243; _module_preset=&#8221;default&#8221; global_colors_info=&#8221;{}&#8221;][et_pb_column type=&#8221;4_4&#8243; _builder_version=&#8221;4.16&#8243; _module_preset=&#8221;default&#8221; global_colors_info=&#8221;{}&#8221;][et_pb_text _builder_version=&#8221;4.16&#8243; _module_preset=&#8221;default&#8221; text_font=&#8221;ARM||||||||&#8221; text_font_size=&#8221;25px&#8221; text_orientation=&#8221;center&#8221; global_colors_info=&#8221;{}&#8221;]<\/p>\n<p>Zwroty i Reklamacje<\/p>\n<p>[\/et_pb_text][et_pb_gallery gallery_ids=&#8221;52103&#8243; posts_number=&#8221;1&#8243; _builder_version=&#8221;4.16&#8243; _module_preset=&#8221;default&#8221; global_colors_info=&#8221;{}&#8221;][\/et_pb_gallery][\/et_pb_column][\/et_pb_row][et_pb_row admin_label=&#8221;row&#8221; _builder_version=&#8221;4.16&#8243; background_size=&#8221;initial&#8221; background_position=&#8221;top_left&#8221; background_repeat=&#8221;repeat&#8221; global_colors_info=&#8221;{}&#8221;][et_pb_column type=&#8221;4_4&#8243; _builder_version=&#8221;4.16&#8243; custom_padding=&#8221;|||&#8221; global_colors_info=&#8221;{}&#8221; custom_padding__hover=&#8221;|||&#8221;][et_pb_text _builder_version=&#8221;4.16&#8243; _module_preset=&#8221;default&#8221; text_font=&#8221;ARM||||||||&#8221; text_font_size=&#8221;16px&#8221; global_colors_info=&#8221;{}&#8221;]<\/p>\n<p>Aby dokona\u0107 zwrotu, najpierw skontaktuj si\u0119 z nami i poinformuj nas o tym, wysy\u0142aj\u0105c maila ze swoim numerem zam\u00f3wienia na adres:<strong><em> factory@trykot.com<\/em><\/strong><\/p>\n<p>P\u00f3\u017aniej wystarczy, \u017ce wype\u0142nisz formularz zwrotu (mo\u017ce by\u0107 to formularz napisany odr\u0119cznie), kt\u00f3ry mo\u017cesz pobra\u0107 <span style=\"color: #0c71c3;\"><strong><em><a href=\"https:\/\/trykot.com\/wp-content\/uploads\/2023\/08\/TRYKOT-zwrot-towaru.docx.pdf\" style=\"color: #0c71c3;\">TUTAJ<\/a><\/em><\/strong><\/span>, do\u0142\u0105czysz do paczki zwrotnej wraz z paragonem (mo\u017ce by\u0107 kopia paragonu lub inny dow\u00f3d zakupu) i wy\u015blesz na adres naszego magazynu: ul.Waz\u00f3w 9, <b>05-126<\/b>\u00a0 Niepor\u0119t.<\/p>\n<p>Paczka pozbawiona formularza zwrotu jest przesy\u0142k\u0105, kt\u00f3r\u0105 ci\u0119\u017cko nam zidentyfikowa\u0107. Z uwagi na ograniczon\u0105 mo\u017cliwo\u015b\u0107 zidentyfikowania takiej przesy\u0142ki, paczk\u0119 przes\u0142an\u0105 bez formularza zwrotu w \u015brodku termin 14 dni na zwrot p\u0142atno\u015bci nie b\u0119dzie obowi\u0105zywa\u0142.<\/p>\n<p>Prosimy o dokonywanie zwrotu tylko tych rzeczy, kt\u00f3re nie nosz\u0105 \u015blad\u00f3w u\u017cytkowania, nie by\u0142y prane i s\u0105 niezniszczone.<\/p>\n<p>[\/et_pb_text][\/et_pb_column][\/et_pb_row][et_pb_row _builder_version=&#8221;4.16&#8243; _module_preset=&#8221;default&#8221; global_colors_info=&#8221;{}&#8221;][et_pb_column type=&#8221;4_4&#8243; _builder_version=&#8221;4.16&#8243; _module_preset=&#8221;default&#8221; global_colors_info=&#8221;{}&#8221;][et_pb_text _builder_version=&#8221;4.16&#8243; _module_preset=&#8221;default&#8221; text_font=&#8221;ARM||||||||&#8221; text_font_size=&#8221;25px&#8221; global_colors_info=&#8221;{}&#8221;]<\/p>\n<p>Jak zwr\u00f3ci\u0107 produkt, krok po kroku.<\/p>\n<p>[\/et_pb_text][\/et_pb_column][\/et_pb_row][et_pb_row _builder_version=&#8221;4.16&#8243; _module_preset=&#8221;default&#8221; global_colors_info=&#8221;{}&#8221;][et_pb_column type=&#8221;4_4&#8243; _builder_version=&#8221;4.16&#8243; _module_preset=&#8221;default&#8221; global_colors_info=&#8221;{}&#8221;][et_pb_text _builder_version=&#8221;4.16&#8243; _module_preset=&#8221;default&#8221; text_font=&#8221;Armata||||||||&#8221; text_font_size=&#8221;16px&#8221; global_colors_info=&#8221;{}&#8221;]<\/p>\n<p><span>Zwrot 1. Powiadom nas o ch\u0119ci dokonania zwrotu mailowo na adres factory@trykot.com ci\u0105gu 14 dni od momentu dostarczenia przesy\u0142ki, nast\u0119pnie\u00a0w ci\u0105gu kolejnych 14 dni nadaj do nas paczk\u0119 zwrotn\u0105.\u00a0Zwroty dostarczone po up\u0142ywie tego terminu nie zostan\u0105 zrealizowane. <\/span><\/p>\n<p><span>2. Uzupe\u0142nij <span style=\"color: #0c71c3;\"><strong><em><a href=\"https:\/\/trykot.com\/wp-content\/uploads\/2023\/08\/TRYKOT-zwrot-towaru.docx.pdf\" style=\"color: #0c71c3;\">formularz zwrotu<\/a><\/em><\/strong><\/span>, kt\u00f3ry znajduje si\u0119 w linku poni\u017cej oraz do\u0142\u0105cz go do paczki wraz z paragonem. Formularz zwrotu mo\u017ce zosta\u0107 napisany odr\u0119cznie\u00a0<\/span><\/p>\n<p><span> 3. Zwracany towar nale\u017cy odes\u0142a\u0107 na adres: <\/span><\/p>\n<p><span>TRYKOT <\/span><\/p>\n<p><span><\/span><\/p>\n<p><span>ul. Waz\u00f3w 9, 05-126 <\/span><\/p>\n<p><span>Niepor\u0119t lub paczkomaty NPO01A. <\/span><\/p>\n<p><span>Koszt wysy\u0142ki le\u017cy po stronie Kupuj\u0105cego. <\/span><\/p>\n<p><span><\/span><\/p>\n<p><span>4. Zwrot \u015brodk\u00f3w na konto klienta zajmuje maksymalnie 14dni od otrzymania zwracanego produktu.<\/span><\/p>\n<p><span> 5. Zwrotom nie podlegaj\u0105 produkty szyte na zam\u00f3wienie lub modyfikowane wg wytycznych klienta.<\/span><\/p>\n<p>[\/et_pb_text][\/et_pb_column][\/et_pb_row][\/et_pb_section]<\/p>\n","protected":false},"excerpt":{"rendered":"<p>Zwroty i ReklamacjeAby dokona\u0107 zwrotu, najpierw skontaktuj si\u0119 z nami i poinformuj nas o tym, wysy\u0142aj\u0105c maila ze swoim numerem zam\u00f3wienia na adres: factory@trykot.com P\u00f3\u017aniej wystarczy, \u017ce wype\u0142nisz formularz zwrotu (mo\u017ce by\u0107 to formularz napisany odr\u0119cznie), kt\u00f3ry mo\u017cesz pobra\u0107 TUTAJ, do\u0142\u0105czysz do paczki zwrotnej wraz z paragonem (mo\u017ce by\u0107 kopia paragonu lub inny dow\u00f3d zakupu) [&hellip;]<\/p>\n","protected":false},"author":1,"featured_media":0,"parent":0,"menu_order":0,"comment_status":"closed","ping_status":"closed","template":"","meta":{"_et_pb_use_builder":"on","_et_pb_old_content":"","_et_gb_content_width":"","footnotes":""},"class_list":["post-51959","page","type-page","status-publish","hentry"],"_links":{"self":[{"href":"https:\/\/trykot.com\/index.php\/wp-json\/wp\/v2\/pages\/51959","targetHints":{"allow":["GET"]}}],"collection":[{"href":"https:\/\/trykot.com\/index.php\/wp-json\/wp\/v2\/pages"}],"about":[{"href":"https:\/\/trykot.com\/index.php\/wp-json\/wp\/v2\/types\/page"}],"author":[{"embeddable":true,"href":"https:\/\/trykot.com\/index.php\/wp-json\/wp\/v2\/users\/1"}],"replies":[{"embeddable":true,"href":"https:\/\/trykot.com\/index.php\/wp-json\/wp\/v2\/comments?post=51959"}],"version-history":[{"count":14,"href":"https:\/\/trykot.com\/index.php\/wp-json\/wp\/v2\/pages\/51959\/revisions"}],"predecessor-version":[{"id":52643,"href":"https:\/\/trykot.com\/index.php\/wp-json\/wp\/v2\/pages\/51959\/revisions\/52643"}],"wp:attachment":[{"href":"https:\/\/trykot.com\/index.php\/wp-json\/wp\/v2\/media?parent=51959"}],"curies":[{"name":"wp","href":"https:\/\/api.w.org\/{rel}","templated":true}]}}