{"id":52123,"date":"2023-08-10T15:02:10","date_gmt":"2023-08-10T13:02:10","guid":{"rendered":"https:\/\/trykot.com\/?page_id=52123"},"modified":"2026-03-09T22:53:48","modified_gmt":"2026-03-09T21:53:48","slug":"dla-firm","status":"publish","type":"page","link":"https:\/\/trykot.com\/index.php\/dla-firm\/","title":{"rendered":"DLA FIRM"},"content":{"rendered":"<h2 id=\"w-trykot-cenimy-kady-kawaek-tkaniny\" class=\"mb-2 mt-4 [.has-inline-images_&amp;]:clear-end font-editorial font-bold text-lg first:mt-0 md:text-lg [hr+&amp;]:mt-4\">W Trykot cenimy ka\u017cdy kawa\u0142ek tkaniny<\/h2>\n<p class=\"my-2 [&amp;+p]:mt-4 [&amp;_strong:has(+br)]:inline-block [&amp;_strong:has(+br)]:pb-2\">Nie ma znaczenia jej sk\u0142ad, stan, pochodzenie czy historia \u2013 powierzona nam tkanina przechodzi kreatywn\u0105 transformacj\u0119 z odpadu w u\u017cyteczn\u0105 rzecz. Dzi\u0119ki upcyklingowi pokazujemy, jak odpowiedzialnie da\u0107 drugie \u017cycie tekstyliom.<\/p>\n<h2 id=\"nasz-proces\" class=\"mb-2 mt-4 [.has-inline-images_&amp;]:clear-end font-editorial font-bold text-base first:mt-0\">Co robimy?<\/h2>\n<p class=\"my-2 [&amp;+p]:mt-4 [&amp;_strong:has(+br)]:inline-block [&amp;_strong:has(+br)]:pb-2\">Ka\u017cda tkanina jest dok\u0142adnie analizowana pod k\u0105tem przydatno\u015bci i wytrzyma\u0142o\u015bci. Nast\u0119pnie w procesie kreatywnym proponujemy jej nowe przeznaczenie \u2013 od surowca po gotowy produkt. Dzia\u0142amy w ma\u0142ej i du\u017cej skali a ka\u017cdy projekt traktujemy indywidualnie.<\/p>\n<h2 id=\"co-przerabiamy\" class=\"mb-2 mt-4 [.has-inline-images_&amp;]:clear-end font-editorial font-bold text-base first:mt-0\">Co przerabiamy?<img loading=\"lazy\" decoding=\"async\" class=\"alignright size-medium wp-image-54338\" src=\"https:\/\/trykot.com\/wp-content\/uploads\/2026\/03\/IMG_0285-225x300.jpg\" alt=\"\" width=\"225\" height=\"300\" \/><\/h2>\n<p class=\"my-2 [&amp;+p]:mt-4 [&amp;_strong:has(+br)]:inline-block [&amp;_strong:has(+br)]:pb-2\">Portfolio naszych projekt\u00f3w obejmuje upcykling:<\/p>\n<ul class=\"marker:text-quiet list-disc\">\n<li class=\"py-0 my-0 prose-p:pt-0 prose-p:mb-2 prose-p:my-0 [&amp;&gt;p]:pt-0 [&amp;&gt;p]:mb-2 [&amp;&gt;p]:my-0\">\n<p class=\"my-2 [&amp;+p]:mt-4 [&amp;_strong:has(+br)]:inline-block [&amp;_strong:has(+br)]:pb-2\">work\u00f3w pocztowych i po kawie,<\/p>\n<\/li>\n<li class=\"py-0 my-0 prose-p:pt-0 prose-p:mb-2 prose-p:my-0 [&amp;&gt;p]:pt-0 [&amp;&gt;p]:mb-2 [&amp;&gt;p]:my-0\">\n<p class=\"my-2 [&amp;+p]:mt-4 [&amp;_strong:has(+br)]:inline-block [&amp;_strong:has(+br)]:pb-2\">namiot\u00f3w, baner\u00f3w, \u015bcianek eventowych,<\/p>\n<\/li>\n<li class=\"py-0 my-0 prose-p:pt-0 prose-p:mb-2 prose-p:my-0 [&amp;&gt;p]:pt-0 [&amp;&gt;p]:mb-2 [&amp;&gt;p]:my-0\">\n<p class=\"my-2 [&amp;+p]:mt-4 [&amp;_strong:has(+br)]:inline-block [&amp;_strong:has(+br)]:pb-2\">tkanin wojskowych,<\/p>\n<\/li>\n<li class=\"py-0 my-0 prose-p:pt-0 prose-p:mb-2 prose-p:my-0 [&amp;&gt;p]:pt-0 [&amp;&gt;p]:mb-2 [&amp;&gt;p]:my-0\">\n<p class=\"my-2 [&amp;+p]:mt-4 [&amp;_strong:has(+br)]:inline-block [&amp;_strong:has(+br)]:pb-2\">odzie\u017cy pracowniczej i sportowej,<\/p>\n<\/li>\n<li class=\"py-0 my-0 prose-p:pt-0 prose-p:mb-2 prose-p:my-0 [&amp;&gt;p]:pt-0 [&amp;&gt;p]:mb-2 [&amp;&gt;p]:my-0\">\n<p class=\"my-2 [&amp;+p]:mt-4 [&amp;_strong:has(+br)]:inline-block [&amp;_strong:has(+br)]:pb-2\">odpad\u00f3w poprodukcyjnych,<\/p>\n<\/li>\n<li class=\"py-0 my-0 prose-p:pt-0 prose-p:mb-2 prose-p:my-0 [&amp;&gt;p]:pt-0 [&amp;&gt;p]:mb-2 [&amp;&gt;p]:my-0\">\n<p class=\"my-2 [&amp;+p]:mt-4 [&amp;_strong:has(+br)]:inline-block [&amp;_strong:has(+br)]:pb-2\">skrawk\u00f3w kaletniczych oraz kurtek sk\u00f3rzanych.<\/p>\n<\/li>\n<\/ul>\n<p class=\"my-2 [&amp;+p]:mt-4 [&amp;_strong:has(+br)]:inline-block [&amp;_strong:has(+br)]:pb-2\">Dzia\u0142amy lokalnie, wsp\u00f3\u0142pracuj\u0105c ze szwalniami w ca\u0142ej Polsce.<\/p>\n<p class=\"my-2 [&amp;+p]:mt-4 [&amp;_strong:has(+br)]:inline-block [&amp;_strong:has(+br)]:pb-2\">Powierz nam swoje odpady \u2013 stworzymy z nich warto\u015b\u0107!<\/p>\n<p><img loading=\"lazy\" decoding=\"async\" class=\"size-medium wp-image-54335\" src=\"https:\/\/trykot.com\/wp-content\/uploads\/2026\/03\/IMG_0820-2-290x300.jpg\" alt=\"\" width=\"290\" height=\"300\" \/><img loading=\"lazy\" decoding=\"async\" class=\"size-medium wp-image-54347 alignleft\" src=\"https:\/\/trykot.com\/wp-content\/uploads\/2026\/03\/ZLOTY-MELON-01-215x300.jpg\" alt=\"\" width=\"215\" height=\"300\" \/><\/p>\n<h2 id=\"co-przerabiamy\" class=\"mb-2 mt-4 [.has-inline-images_&amp;]:clear-end font-editorial font-bold text-base first:mt-0\">Oferta dla marek modowych<\/h2>\n<p>Upcykling przemys\u0142owy dla marek modowych to przekszta\u0142canie niesprzedanych stan\u00f3w magazynowych w innowacyjne produkty o wy\u017cszej warto\u015bci. Razem maksymalizujemy warto\u015b\u0107 i minimalizujemy straty i \u015blad w\u0119glowy. Sprawd\u017a ofert\u0119 Rud Studio<\/p>\n<p><a href=\"https:\/\/rudstudio.com\/\">https:\/\/rudstudio.com\/<\/a><\/p>\n<p>&nbsp;<\/p>\n","protected":false},"excerpt":{"rendered":"<p>W Trykot cenimy ka\u017cdy kawa\u0142ek tkaniny Nie ma znaczenia jej sk\u0142ad, stan, pochodzenie czy historia \u2013 powierzona nam tkanina przechodzi kreatywn\u0105 transformacj\u0119 z odpadu w u\u017cyteczn\u0105 rzecz. Dzi\u0119ki upcyklingowi pokazujemy, jak odpowiedzialnie da\u0107 drugie \u017cycie tekstyliom. Co robimy? Ka\u017cda tkanina jest dok\u0142adnie analizowana pod k\u0105tem przydatno\u015bci i wytrzyma\u0142o\u015bci. Nast\u0119pnie w procesie kreatywnym proponujemy jej nowe [&hellip;]<\/p>\n","protected":false},"author":1,"featured_media":0,"parent":0,"menu_order":0,"comment_status":"closed","ping_status":"closed","template":"","meta":{"_et_pb_use_builder":"off","_et_pb_old_content":"","_et_gb_content_width":"","footnotes":""},"class_list":["post-52123","page","type-page","status-publish","hentry"],"_links":{"self":[{"href":"https:\/\/trykot.com\/index.php\/wp-json\/wp\/v2\/pages\/52123","targetHints":{"allow":["GET"]}}],"collection":[{"href":"https:\/\/trykot.com\/index.php\/wp-json\/wp\/v2\/pages"}],"about":[{"href":"https:\/\/trykot.com\/index.php\/wp-json\/wp\/v2\/types\/page"}],"author":[{"embeddable":true,"href":"https:\/\/trykot.com\/index.php\/wp-json\/wp\/v2\/users\/1"}],"replies":[{"embeddable":true,"href":"https:\/\/trykot.com\/index.php\/wp-json\/wp\/v2\/comments?post=52123"}],"version-history":[{"count":25,"href":"https:\/\/trykot.com\/index.php\/wp-json\/wp\/v2\/pages\/52123\/revisions"}],"predecessor-version":[{"id":54349,"href":"https:\/\/trykot.com\/index.php\/wp-json\/wp\/v2\/pages\/52123\/revisions\/54349"}],"wp:attachment":[{"href":"https:\/\/trykot.com\/index.php\/wp-json\/wp\/v2\/media?parent=52123"}],"curies":[{"name":"wp","href":"https:\/\/api.w.org\/{rel}","templated":true}]}}