{"id":50193,"date":"2021-11-22T13:50:04","date_gmt":"2021-11-22T12:50:04","guid":{"rendered":"https:\/\/trykot.com\/?post_type=product&#038;p=50193"},"modified":"2024-07-01T19:11:44","modified_gmt":"2024-07-01T17:11:44","slug":"siatka-zakupowa-l","status":"publish","type":"product","link":"https:\/\/trykot.com\/index.php\/produkt\/siatka-zakupowa-l\/","title":{"rendered":"Siatka zakupowa"},"content":{"rendered":"","protected":false},"excerpt":{"rendered":"<p>Torba wykonana z bardzo wytrzyma\u0142ej siatki no\u015bnej oraz nieprzemakalnej tkaniny typu Codura. Obydwie tkaniny pochodz\u0105 z odzysku ze szwalni przemys\u0142owej z partii przeznaczonych do utylizacji ze wzgl\u0119du na wady tkaniny &#8211; recycling.<br \/>\nTorba jest bardzo mocna, lekka, odporna na zabrudzenia, mo\u017cna j\u0105 pra\u0107 w pralce. Nadaje si\u0119 na zakupy, na pla\u017c\u0119, do codziennego wykorzystania, nie zajmuje du\u017co miejsca.<br \/>\nWymiary: dno z codury 19x24cm, bok z siatki no\u015bnej wysoko\u015b\u0107 h47cm d\u0142ugo\u015b\u0107 g\u00f3rnej kraw\u0119dzi 40cm, uszy z ta\u015bmy o d\u0142ugo\u015bci 55cm<\/p>\n<p>Produkt gotowy do wysy\u0142ki w 4 dni robocze<\/p>\n<p>Najni\u017csza cena z ostatnich 30 dni to 49z\u0142<\/p>\n","protected":false},"featured_media":50194,"template":"","meta":{"_et_pb_use_builder":"","_et_pb_old_content":"","_et_gb_content_width":""},"product_brand":[],"product_cat":[26,24],"product_tag":[],"class_list":{"0":"post-50193","1":"product","2":"type-product","3":"status-publish","4":"has-post-thumbnail","6":"product_cat-akcesoria","7":"product_cat-torby","9":"first","10":"outofstock","11":"sale","12":"shipping-taxable","13":"purchasable","14":"product-type-simple"},"_links":{"self":[{"href":"https:\/\/trykot.com\/index.php\/wp-json\/wp\/v2\/product\/50193","targetHints":{"allow":["GET"]}}],"collection":[{"href":"https:\/\/trykot.com\/index.php\/wp-json\/wp\/v2\/product"}],"about":[{"href":"https:\/\/trykot.com\/index.php\/wp-json\/wp\/v2\/types\/product"}],"wp:featuredmedia":[{"embeddable":true,"href":"https:\/\/trykot.com\/index.php\/wp-json\/wp\/v2\/media\/50194"}],"wp:attachment":[{"href":"https:\/\/trykot.com\/index.php\/wp-json\/wp\/v2\/media?parent=50193"}],"wp:term":[{"taxonomy":"product_brand","embeddable":true,"href":"https:\/\/trykot.com\/index.php\/wp-json\/wp\/v2\/product_brand?post=50193"},{"taxonomy":"product_cat","embeddable":true,"href":"https:\/\/trykot.com\/index.php\/wp-json\/wp\/v2\/product_cat?post=50193"},{"taxonomy":"product_tag","embeddable":true,"href":"https:\/\/trykot.com\/index.php\/wp-json\/wp\/v2\/product_tag?post=50193"}],"curies":[{"name":"wp","href":"https:\/\/api.w.org\/{rel}","templated":true}]}}