{"id":50197,"date":"2021-11-22T14:04:20","date_gmt":"2021-11-22T13:04:20","guid":{"rendered":"https:\/\/trykot.com\/?post_type=product&#038;p=50197"},"modified":"2024-06-27T23:37:27","modified_gmt":"2024-06-27T21:37:27","slug":"worek-wojskowy","status":"publish","type":"product","link":"https:\/\/trykot.com\/index.php\/produkt\/worek-wojskowy\/","title":{"rendered":"Worek wojskowy"},"content":{"rendered":"","protected":false},"excerpt":{"rendered":"<p>Torba typu worek wykonana z worka wojskowego z lat 50-tych. Uszyta r\u0119cznie z zachowaniem oryginalnych element\u00f3w worka takich jak symbole graficzne, okucia oraz naszywki.<br \/>\nBardzo wytrzyma\u0142a tkanina o w\u0142a\u015bciwo\u015bciach wodoszczelnych.<br \/>\nW \u015brodku torby czarna bawe\u0142niana podszewka i praktyczna kieszonka na suwak. Worek ma d\u0142ugi pasek z zielonej ta\u015bmy woskowej dopinany na karabi\u0144czyk oraz regulowany, odczepiany pasek do noszenia na ramieniu wykonany z czarnej ta\u015bmy bawe\u0142nianej.<br \/>\nTkanina &#8211; wojskowy brezent &#8211; wodoodporny.<br \/>\nWymiary (mog\u0105 si\u0119 r\u00f3\u017cni\u0107 w zale\u017cno\u015bci od egzemplarza): wysoko\u015b\u0107 ok. 60cm x dno \u015brednica 30cm<\/p>\n<p>Produkt gotowy do wysy\u0142ki w 7 dni robocze<\/p>\n<p>Najni\u017csza cena z ostatnich 30 dni to 299z\u0142<\/p>\n","protected":false},"featured_media":50198,"template":"","meta":{"_et_pb_use_builder":"","_et_pb_old_content":"","_et_gb_content_width":""},"product_brand":[],"product_cat":[25,24,27],"product_tag":[],"class_list":{"0":"post-50197","1":"product","2":"type-product","3":"status-publish","4":"has-post-thumbnail","6":"product_cat-plecaki","7":"product_cat-torby","8":"product_cat-unikaty","10":"first","11":"outofstock","12":"shipping-taxable","13":"purchasable","14":"product-type-simple"},"_links":{"self":[{"href":"https:\/\/trykot.com\/index.php\/wp-json\/wp\/v2\/product\/50197","targetHints":{"allow":["GET"]}}],"collection":[{"href":"https:\/\/trykot.com\/index.php\/wp-json\/wp\/v2\/product"}],"about":[{"href":"https:\/\/trykot.com\/index.php\/wp-json\/wp\/v2\/types\/product"}],"wp:featuredmedia":[{"embeddable":true,"href":"https:\/\/trykot.com\/index.php\/wp-json\/wp\/v2\/media\/50198"}],"wp:attachment":[{"href":"https:\/\/trykot.com\/index.php\/wp-json\/wp\/v2\/media?parent=50197"}],"wp:term":[{"taxonomy":"product_brand","embeddable":true,"href":"https:\/\/trykot.com\/index.php\/wp-json\/wp\/v2\/product_brand?post=50197"},{"taxonomy":"product_cat","embeddable":true,"href":"https:\/\/trykot.com\/index.php\/wp-json\/wp\/v2\/product_cat?post=50197"},{"taxonomy":"product_tag","embeddable":true,"href":"https:\/\/trykot.com\/index.php\/wp-json\/wp\/v2\/product_tag?post=50197"}],"curies":[{"name":"wp","href":"https:\/\/api.w.org\/{rel}","templated":true}]}}