{"id":50595,"date":"2022-02-14T00:11:28","date_gmt":"2022-02-13T23:11:28","guid":{"rendered":"https:\/\/trykot.com\/?post_type=product&#038;p=50595"},"modified":"2024-10-25T15:43:31","modified_gmt":"2024-10-25T13:43:31","slug":"torebka-z-brezentu-i-skory","status":"publish","type":"product","link":"https:\/\/trykot.com\/index.php\/produkt\/torebka-z-brezentu-i-skory\/","title":{"rendered":"Torebka z brezentu i sk\u00f3ry"},"content":{"rendered":"","protected":false},"excerpt":{"rendered":"<p>Elegancka torba zosta\u0142a wykonana z brezentu, kt\u00f3ry wykorzystywany by\u0142 w noszach wojskowy w latach 50. oraz element\u00f3w sk\u00f3ry z partii przeznaczonych do utylizacji. Dzi\u0119ki r\u0119cznemu wykonaniu oraz r\u0119cznej pracy kaletniczej torba jest bardzo wytrzyma\u0142a i solidna, a ponadto wodoodporna. Pojemne wn\u0119trze torby zosta\u0142o wy\u015bcie\u0142ane bawe\u0142nian\u0105 podszewk\u0105 z praktyczn\u0105 kieszeni\u0105 zapinan\u0105 na suwak. Torba ma sk\u00f3rzane, regulowane uszy.<br \/>\nWymiary: 35x42x5cm<\/p>\n<p>Torba gotowa do wysy\u0142ki w 4 dni robocze<\/p>\n<p>Najni\u017csza cena z ostatnich 30 dni to 349z\u0142<\/p>\n","protected":false},"featured_media":50718,"template":"","meta":{"_et_pb_use_builder":"","_et_pb_old_content":"","_et_gb_content_width":""},"product_brand":[],"product_cat":[24],"product_tag":[],"class_list":{"0":"post-50595","1":"product","2":"type-product","3":"status-publish","4":"has-post-thumbnail","6":"product_cat-torby","8":"first","9":"outofstock","10":"shipping-taxable","11":"purchasable","12":"product-type-simple"},"_links":{"self":[{"href":"https:\/\/trykot.com\/index.php\/wp-json\/wp\/v2\/product\/50595","targetHints":{"allow":["GET"]}}],"collection":[{"href":"https:\/\/trykot.com\/index.php\/wp-json\/wp\/v2\/product"}],"about":[{"href":"https:\/\/trykot.com\/index.php\/wp-json\/wp\/v2\/types\/product"}],"wp:featuredmedia":[{"embeddable":true,"href":"https:\/\/trykot.com\/index.php\/wp-json\/wp\/v2\/media\/50718"}],"wp:attachment":[{"href":"https:\/\/trykot.com\/index.php\/wp-json\/wp\/v2\/media?parent=50595"}],"wp:term":[{"taxonomy":"product_brand","embeddable":true,"href":"https:\/\/trykot.com\/index.php\/wp-json\/wp\/v2\/product_brand?post=50595"},{"taxonomy":"product_cat","embeddable":true,"href":"https:\/\/trykot.com\/index.php\/wp-json\/wp\/v2\/product_cat?post=50595"},{"taxonomy":"product_tag","embeddable":true,"href":"https:\/\/trykot.com\/index.php\/wp-json\/wp\/v2\/product_tag?post=50595"}],"curies":[{"name":"wp","href":"https:\/\/api.w.org\/{rel}","templated":true}]}}