{"id":50704,"date":"2022-02-23T13:56:35","date_gmt":"2022-02-23T12:56:35","guid":{"rendered":"https:\/\/trykot.com\/?post_type=product&#038;p=50704"},"modified":"2026-03-31T13:41:36","modified_gmt":"2026-03-31T11:41:36","slug":"duza-saszetka-g-1","status":"publish","type":"product","link":"https:\/\/trykot.com\/index.php\/produkt\/duza-saszetka-g-1\/","title":{"rendered":"Du\u017ca saszetka G-1"},"content":{"rendered":"","protected":false},"excerpt":{"rendered":"<p>Saszetka wykonana z fragmentu worka wojskowego z lat 50-tych. Uszyta r\u0119cznie z zachowaniem oryginalnych element\u00f3w worka takich jak symbole graficzne, okucia oraz naszywki.<br \/>\nBardzo wytrzyma\u0142a tkanina o w\u0142a\u015bciwo\u015bciach wodoszczelnych.<br \/>\nW \u015brodku saszetki bawe\u0142niana podszewka w pixele (tkanina z odzysku) i praktyczna kieszonka na suwak. Regulowany pasek 3cm z czarnej ta\u015bmy bawe\u0142nianej, zapinany na karabi\u0144czyk. Wykorzystano metalowe okucia oraz suwaki i elementy ze sk\u00f3ry z odzysku.<br \/>\nTkanina &#8211; wojskowy brezent &#8211; wodoodporny.<br \/>\nWymiary: 26x20x10cm, obw\u00f3d 80-110cm<\/p>\n<p>Produkt gotowy do wysy\u0142ki w 4 dni robocze<\/p>\n","protected":false},"featured_media":50712,"template":"","meta":{"_et_pb_use_builder":"off","_et_pb_old_content":"","_et_gb_content_width":""},"product_brand":[],"product_cat":[26,34,24],"product_tag":[],"class_list":{"0":"post-50704","1":"product","2":"type-product","3":"status-publish","4":"has-post-thumbnail","6":"product_cat-akcesoria","7":"product_cat-nerki","8":"product_cat-torby","10":"first","11":"instock","12":"shipping-taxable","13":"purchasable","14":"product-type-simple"},"_links":{"self":[{"href":"https:\/\/trykot.com\/index.php\/wp-json\/wp\/v2\/product\/50704","targetHints":{"allow":["GET"]}}],"collection":[{"href":"https:\/\/trykot.com\/index.php\/wp-json\/wp\/v2\/product"}],"about":[{"href":"https:\/\/trykot.com\/index.php\/wp-json\/wp\/v2\/types\/product"}],"wp:featuredmedia":[{"embeddable":true,"href":"https:\/\/trykot.com\/index.php\/wp-json\/wp\/v2\/media\/50712"}],"wp:attachment":[{"href":"https:\/\/trykot.com\/index.php\/wp-json\/wp\/v2\/media?parent=50704"}],"wp:term":[{"taxonomy":"product_brand","embeddable":true,"href":"https:\/\/trykot.com\/index.php\/wp-json\/wp\/v2\/product_brand?post=50704"},{"taxonomy":"product_cat","embeddable":true,"href":"https:\/\/trykot.com\/index.php\/wp-json\/wp\/v2\/product_cat?post=50704"},{"taxonomy":"product_tag","embeddable":true,"href":"https:\/\/trykot.com\/index.php\/wp-json\/wp\/v2\/product_tag?post=50704"}],"curies":[{"name":"wp","href":"https:\/\/api.w.org\/{rel}","templated":true}]}}