{"id":50969,"date":"2022-10-07T11:55:28","date_gmt":"2022-10-07T09:55:28","guid":{"rendered":"https:\/\/trykot.com\/?post_type=product&#038;p=50969"},"modified":"2023-11-07T09:38:31","modified_gmt":"2023-11-07T08:38:31","slug":"torba-z-noszy-wojskowych-z-kieszenia-kopia","status":"publish","type":"product","link":"https:\/\/trykot.com\/index.php\/produkt\/torba-z-noszy-wojskowych-z-kieszenia-kopia\/","title":{"rendered":"Torba z noszy wojskowych z kieszeni\u0105"},"content":{"rendered":"","protected":false},"excerpt":{"rendered":"<p>Torba powsta\u0142a z tkaniny z noszy wojskowych u\u017cywanych w latach 50-tych w polskiej armii jako \u0142\u00f3zka polowe.<br \/>\nWykonana jest r\u0119cznie z zachowaniem oryginalnych element\u00f3w takich jak okucia, symbole graficzne czy sznurki. Bardzo wytrzyma\u0142a tkanina o w\u0142a\u015bciwo\u015bciach wodoszczelnych. W \u015brodku torby czarna bawe\u0142niana podszewka i praktyczna kieszonka na suwak, ca\u0142o\u015b\u0107 zapinana na suwak. Uszy i kiesze\u0144 na froncie torby zosta\u0142y wykonane z naturalnej sk\u00f3ry pochodz\u0105cej z partii przeznaczonej do utylizacji . Dodatkowo torba posiada d\u0142ugi, regulowany pasek z czarnej ta\u015bmy bawe\u0142nianej.<br \/>\nTkanina &#8211; wojskowy brezent wodoodporny.<br \/>\nWymiary ok. 40x45cm<br \/>\nUWAGA! Wymiary mog\u0105 si\u0119 nieznacznie r\u00f3\u017cni\u0107 w zale\u017cno\u015bci od egzemplarza.<br \/>\nTorba gotowa do wysy\u0142ki w 4 dni<\/p>\n<p>Najni\u017csza cena z ostatnich 30 dni to 199z\u0142<\/p>\n","protected":false},"featured_media":50973,"template":"","meta":{"_et_pb_use_builder":"","_et_pb_old_content":"","_et_gb_content_width":""},"product_brand":[],"product_cat":[24],"product_tag":[],"class_list":{"0":"post-50969","1":"product","2":"type-product","3":"status-publish","4":"has-post-thumbnail","6":"product_cat-torby","8":"first","9":"outofstock","10":"shipping-taxable","11":"purchasable","12":"product-type-simple"},"_links":{"self":[{"href":"https:\/\/trykot.com\/index.php\/wp-json\/wp\/v2\/product\/50969","targetHints":{"allow":["GET"]}}],"collection":[{"href":"https:\/\/trykot.com\/index.php\/wp-json\/wp\/v2\/product"}],"about":[{"href":"https:\/\/trykot.com\/index.php\/wp-json\/wp\/v2\/types\/product"}],"wp:featuredmedia":[{"embeddable":true,"href":"https:\/\/trykot.com\/index.php\/wp-json\/wp\/v2\/media\/50973"}],"wp:attachment":[{"href":"https:\/\/trykot.com\/index.php\/wp-json\/wp\/v2\/media?parent=50969"}],"wp:term":[{"taxonomy":"product_brand","embeddable":true,"href":"https:\/\/trykot.com\/index.php\/wp-json\/wp\/v2\/product_brand?post=50969"},{"taxonomy":"product_cat","embeddable":true,"href":"https:\/\/trykot.com\/index.php\/wp-json\/wp\/v2\/product_cat?post=50969"},{"taxonomy":"product_tag","embeddable":true,"href":"https:\/\/trykot.com\/index.php\/wp-json\/wp\/v2\/product_tag?post=50969"}],"curies":[{"name":"wp","href":"https:\/\/api.w.org\/{rel}","templated":true}]}}