{"id":51092,"date":"2023-02-15T19:23:30","date_gmt":"2023-02-15T18:23:30","guid":{"rendered":"https:\/\/trykot.com\/?post_type=product&#038;p=51092"},"modified":"2024-11-21T18:45:01","modified_gmt":"2024-11-21T17:45:01","slug":"duza-nerka-z-plaszcza-skorzanego","status":"publish","type":"product","link":"https:\/\/trykot.com\/index.php\/produkt\/duza-nerka-z-plaszcza-skorzanego\/","title":{"rendered":"Du\u017ca sk\u00f3rzana nerka z p\u0142aszcza sk\u00f3rzanego &#8211; czarna"},"content":{"rendered":"","protected":false},"excerpt":{"rendered":"<p>Saszetka wykonana z fragmentu zu\u017cytego, sk\u00f3rzanego p\u0142aszcza. Uszyta r\u0119cznie przez kaletnika z zachowaniem oryginalnych element\u00f3w p\u0142aszcza takich jak kieszenie, przeszycia, detale.<br \/>\nW \u015brodku saszetki bawe\u0142niana podszewka i praktyczna kieszonka na suwak. Regulowany pasek ta\u015bmy bawe\u0142nianej 3cm, zapinany na karabi\u0144czyk. Wykorzystano metalowe okucia oraz suwaki i elementy ze sk\u00f3ry z odzysku &#8211; upcykling.<br \/>\nWymiary: 26x20x10cm, obw\u00f3d 85-120cm<\/p>\n<p>Produkt gotowy do wysy\u0142ki w max 7 dni roboczych<\/p>\n","protected":false},"featured_media":51096,"template":"","meta":{"_et_pb_use_builder":"off","_et_pb_old_content":"","_et_gb_content_width":""},"product_brand":[],"product_cat":[26,34,24],"product_tag":[],"class_list":{"0":"post-51092","1":"product","2":"type-product","3":"status-publish","4":"has-post-thumbnail","6":"product_cat-akcesoria","7":"product_cat-nerki","8":"product_cat-torby","10":"first","11":"outofstock","12":"sale","13":"shipping-taxable","14":"purchasable","15":"product-type-simple"},"_links":{"self":[{"href":"https:\/\/trykot.com\/index.php\/wp-json\/wp\/v2\/product\/51092","targetHints":{"allow":["GET"]}}],"collection":[{"href":"https:\/\/trykot.com\/index.php\/wp-json\/wp\/v2\/product"}],"about":[{"href":"https:\/\/trykot.com\/index.php\/wp-json\/wp\/v2\/types\/product"}],"wp:featuredmedia":[{"embeddable":true,"href":"https:\/\/trykot.com\/index.php\/wp-json\/wp\/v2\/media\/51096"}],"wp:attachment":[{"href":"https:\/\/trykot.com\/index.php\/wp-json\/wp\/v2\/media?parent=51092"}],"wp:term":[{"taxonomy":"product_brand","embeddable":true,"href":"https:\/\/trykot.com\/index.php\/wp-json\/wp\/v2\/product_brand?post=51092"},{"taxonomy":"product_cat","embeddable":true,"href":"https:\/\/trykot.com\/index.php\/wp-json\/wp\/v2\/product_cat?post=51092"},{"taxonomy":"product_tag","embeddable":true,"href":"https:\/\/trykot.com\/index.php\/wp-json\/wp\/v2\/product_tag?post=51092"}],"curies":[{"name":"wp","href":"https:\/\/api.w.org\/{rel}","templated":true}]}}