{"id":51169,"date":"2023-02-22T13:51:37","date_gmt":"2023-02-22T12:51:37","guid":{"rendered":"https:\/\/trykot.com\/?post_type=product&#038;p=51169"},"modified":"2026-03-16T13:42:45","modified_gmt":"2026-03-16T12:42:45","slug":"torebka-box-z-plaszcza","status":"publish","type":"product","link":"https:\/\/trykot.com\/index.php\/produkt\/torebka-box-z-plaszcza\/","title":{"rendered":"Torebka box ze sk\u00f3rzanego p\u0142aszcza"},"content":{"rendered":"","protected":false},"excerpt":{"rendered":"<p>Torba zosta\u0142a uszyta ze sk\u00f3ry z czarnego sk\u00f3rzanego p\u0142aszcza z wykorzystaniem element\u00f3w dekoracyjnych wyst\u0119puj\u0105cych w produkcie gotowym. Ka\u017cdy egzemplarz tej torby r\u00f3\u017cni si\u0119 elementami dekoracyjnymi na froncie wi\u0119c jak chcesz wiedzie\u0107 jakie modele s\u0105 dost\u0119pne to odezwij si\u0119 do nas \u2013 wy\u015blemy zdj\u0119cia. W \u015brodku torby znajduje si\u0119 kolorowa podszewka i praktyczna kieszonka na suwak, ca\u0142o\u015b\u0107 zapinana na suwak. Metalowe suwaki i okucia \u2013 produkt bez plastiku. Dodatkowo torba posiada d\u0142ugi, odpinany, regulowany pasek ze sk\u00f3ry.<\/p>\n<p>Tkanina \u2013 sk\u00f3ra naturalna z recyklingu.<br \/>\nWymiary front 15x25cm, bok 7cm, regulowany pasek ze sk\u00f3ry<\/p>\n<p>Torba gotowa do wysy\u0142ki w 7 dni roboczych<\/p>\n","protected":false},"featured_media":51153,"template":"","meta":{"_et_pb_use_builder":"","_et_pb_old_content":"","_et_gb_content_width":""},"product_brand":[],"product_cat":[24],"product_tag":[],"class_list":{"0":"post-51169","1":"product","2":"type-product","3":"status-publish","4":"has-post-thumbnail","6":"product_cat-torby","8":"first","9":"instock","10":"shipping-taxable","11":"purchasable","12":"product-type-simple"},"_links":{"self":[{"href":"https:\/\/trykot.com\/index.php\/wp-json\/wp\/v2\/product\/51169","targetHints":{"allow":["GET"]}}],"collection":[{"href":"https:\/\/trykot.com\/index.php\/wp-json\/wp\/v2\/product"}],"about":[{"href":"https:\/\/trykot.com\/index.php\/wp-json\/wp\/v2\/types\/product"}],"wp:featuredmedia":[{"embeddable":true,"href":"https:\/\/trykot.com\/index.php\/wp-json\/wp\/v2\/media\/51153"}],"wp:attachment":[{"href":"https:\/\/trykot.com\/index.php\/wp-json\/wp\/v2\/media?parent=51169"}],"wp:term":[{"taxonomy":"product_brand","embeddable":true,"href":"https:\/\/trykot.com\/index.php\/wp-json\/wp\/v2\/product_brand?post=51169"},{"taxonomy":"product_cat","embeddable":true,"href":"https:\/\/trykot.com\/index.php\/wp-json\/wp\/v2\/product_cat?post=51169"},{"taxonomy":"product_tag","embeddable":true,"href":"https:\/\/trykot.com\/index.php\/wp-json\/wp\/v2\/product_tag?post=51169"}],"curies":[{"name":"wp","href":"https:\/\/api.w.org\/{rel}","templated":true}]}}