{"id":51304,"date":"2023-03-21T23:09:48","date_gmt":"2023-03-21T22:09:48","guid":{"rendered":"https:\/\/trykot.com\/?post_type=product&#038;p=51304"},"modified":"2024-10-25T15:41:54","modified_gmt":"2024-10-25T13:41:54","slug":"polksiezyc-z-plaszcza-skorzanego","status":"publish","type":"product","link":"https:\/\/trykot.com\/index.php\/produkt\/polksiezyc-z-plaszcza-skorzanego\/","title":{"rendered":"P\u00f3\u0142ksi\u0119\u017cyc z p\u0142aszcza sk\u00f3rzanego"},"content":{"rendered":"","protected":false},"excerpt":{"rendered":"<p>Torebka-p\u00f3\u0142ksi\u0119\u017cyc wykonana z fragmentu zu\u017cytego, czarnego, sk\u00f3rzanego p\u0142aszcza. Uszyta r\u0119cznie przez kaletnika z zachowaniem oryginalnych element\u00f3w p\u0142aszcza takich jak kieszenie, przeszycia, detale. Elegancka i minimalistyczna a zarazem ekologiczna, bo z tkaniny z wt\u00f3rnego obiegu.<br \/>\nW \u015brodku kolorowa podszewka i praktyczna kieszonka na suwak. Regulowany, odpinany pasek ze sk\u00f3ry, zapinany na karabi\u0144czyki. Dodatkowy \u0142a\u0144cuszek dopinany na karabi\u0144czyki. Klapka zapinana na magnes. Wykorzystano metalowe okucia oraz suwaki i elementy ze sk\u00f3ry z odzysku &#8211; upcykling.<\/p>\n<p>Wymiary: 26x20x8cm, d\u0142ugo\u015b\u0107 paska ze sk\u00f3ry 77-140cm, d\u0142ugo\u015b\u0107 \u0142a\u0144cuszka 125cm<\/p>\n<p>Produkt gotowy do wysy\u0142ki w max 7 dni roboczych<\/p>\n","protected":false},"featured_media":51298,"template":"","meta":{"_et_pb_use_builder":"off","_et_pb_old_content":"","_et_gb_content_width":""},"product_brand":[],"product_cat":[24],"product_tag":[],"class_list":{"0":"post-51304","1":"product","2":"type-product","3":"status-publish","4":"has-post-thumbnail","6":"product_cat-torby","8":"first","9":"outofstock","10":"sale","11":"shipping-taxable","12":"purchasable","13":"product-type-simple"},"_links":{"self":[{"href":"https:\/\/trykot.com\/index.php\/wp-json\/wp\/v2\/product\/51304","targetHints":{"allow":["GET"]}}],"collection":[{"href":"https:\/\/trykot.com\/index.php\/wp-json\/wp\/v2\/product"}],"about":[{"href":"https:\/\/trykot.com\/index.php\/wp-json\/wp\/v2\/types\/product"}],"wp:featuredmedia":[{"embeddable":true,"href":"https:\/\/trykot.com\/index.php\/wp-json\/wp\/v2\/media\/51298"}],"wp:attachment":[{"href":"https:\/\/trykot.com\/index.php\/wp-json\/wp\/v2\/media?parent=51304"}],"wp:term":[{"taxonomy":"product_brand","embeddable":true,"href":"https:\/\/trykot.com\/index.php\/wp-json\/wp\/v2\/product_brand?post=51304"},{"taxonomy":"product_cat","embeddable":true,"href":"https:\/\/trykot.com\/index.php\/wp-json\/wp\/v2\/product_cat?post=51304"},{"taxonomy":"product_tag","embeddable":true,"href":"https:\/\/trykot.com\/index.php\/wp-json\/wp\/v2\/product_tag?post=51304"}],"curies":[{"name":"wp","href":"https:\/\/api.w.org\/{rel}","templated":true}]}}