{"id":51661,"date":"2023-06-22T15:20:18","date_gmt":"2023-06-22T13:20:18","guid":{"rendered":"https:\/\/trykot.com\/?post_type=product&#038;p=51661"},"modified":"2025-12-24T12:08:11","modified_gmt":"2025-12-24T11:08:11","slug":"torba-kolo-z-worka-po-kawie","status":"publish","type":"product","link":"https:\/\/trykot.com\/index.php\/produkt\/torba-kolo-z-worka-po-kawie\/","title":{"rendered":"Torba-ko\u0142o pla\u017cowa z worka po kawie"},"content":{"rendered":"<p>Koszyk uszyty z worka jutowego s\u0142u\u017c\u0105cego do transportu ziaren kawy do Polski &#8211; recykling. Koszyk jest pojemny, wytrzyma\u0142y i wielokolorowy dzi\u0119ki grafice znajduj\u0105cej si\u0119 na jutowym worku. Wn\u0119trze torby wy\u015bcie\u0142a czarna, bawe\u0142niana podszewka z dzielon\u0105 kieszeni\u0105 na telefon czy portfel. Uszy z mocnej ta\u015bmy bawe\u0142nianej.<\/p>\n<p>Produkt wykonany r\u0119cznie z wt\u00f3rnie przetworzonych materia\u0142\u00f3w &#8211; produkt finalny mo\u017ce nieznacznie odbiega\u0107 wygl\u0105dem od prezentowanych zdj\u0119\u0107.<\/p>\n<p>Wymiary: \u015arednica 50cm, bok 15cm<\/p>\n","protected":false},"excerpt":{"rendered":"<p>Koszyk uszyty z worka jutowego s\u0142u\u017c\u0105cego do transportu ziaren kawy z Brazylii do Polski &#8211; recykling. Koszyk jest pojemny, wytrzyma\u0142y i wielokolorowy dzi\u0119ki grafice znajduj\u0105cej si\u0119 na jutowym worku. Wn\u0119trze torby wy\u015bcie\u0142a czarna, bawe\u0142niana podszewka z dzielon\u0105 kieszeni\u0105 na telefon czy portfel. Uszy z mocnej ta\u015bmy bawe\u0142nianej.<\/p>\n<p>Produkt wykonany r\u0119cznie z wt\u00f3rnie przetworzonych materia\u0142\u00f3w &#8211; produkt finalny mo\u017ce nieznacznie odbiega\u0107 wygl\u0105dem od prezentowanych zdj\u0119\u0107. Zapytaj o dost\u0119pne wzory!<\/p>\n<p>Wymiary: \u015arednica 50cm, bok 15cm<br \/>\nNajni\u017csza cena z ostatnich 30 dni to 229z\u0142<\/p>\n","protected":false},"featured_media":51857,"template":"","meta":{"_et_pb_use_builder":"","_et_pb_old_content":"","_et_gb_content_width":""},"product_brand":[],"product_cat":[74,24],"product_tag":[],"class_list":{"0":"post-51661","1":"product","2":"type-product","3":"status-publish","4":"has-post-thumbnail","6":"product_cat-outlet","7":"product_cat-torby","9":"first","10":"outofstock","11":"sale","12":"shipping-taxable","13":"purchasable","14":"product-type-simple"},"_links":{"self":[{"href":"https:\/\/trykot.com\/index.php\/wp-json\/wp\/v2\/product\/51661","targetHints":{"allow":["GET"]}}],"collection":[{"href":"https:\/\/trykot.com\/index.php\/wp-json\/wp\/v2\/product"}],"about":[{"href":"https:\/\/trykot.com\/index.php\/wp-json\/wp\/v2\/types\/product"}],"wp:featuredmedia":[{"embeddable":true,"href":"https:\/\/trykot.com\/index.php\/wp-json\/wp\/v2\/media\/51857"}],"wp:attachment":[{"href":"https:\/\/trykot.com\/index.php\/wp-json\/wp\/v2\/media?parent=51661"}],"wp:term":[{"taxonomy":"product_brand","embeddable":true,"href":"https:\/\/trykot.com\/index.php\/wp-json\/wp\/v2\/product_brand?post=51661"},{"taxonomy":"product_cat","embeddable":true,"href":"https:\/\/trykot.com\/index.php\/wp-json\/wp\/v2\/product_cat?post=51661"},{"taxonomy":"product_tag","embeddable":true,"href":"https:\/\/trykot.com\/index.php\/wp-json\/wp\/v2\/product_tag?post=51661"}],"curies":[{"name":"wp","href":"https:\/\/api.w.org\/{rel}","templated":true}]}}