{"id":52658,"date":"2023-09-22T12:31:39","date_gmt":"2023-09-22T10:31:39","guid":{"rendered":"https:\/\/trykot.com\/?post_type=product&#038;p=52658"},"modified":"2024-06-03T15:41:40","modified_gmt":"2024-06-03T13:41:40","slug":"mini_worek_toffi","status":"publish","type":"product","link":"https:\/\/trykot.com\/index.php\/produkt\/mini_worek_toffi\/","title":{"rendered":"Mini worek ze sk\u00f3ry &#8211; toffi"},"content":{"rendered":"<p>Mini worek uszyty z partii outletowych sk\u00f3ry.<\/p>\n<ul>\n<li>Pojedyncze sztuki z ka\u017cdego koloru, niewielkie partie,<\/li>\n<li>Wymiary: owalne dno 11x18cm, wysoko\u015b\u0107 15cm<\/li>\n<li>Wymienne uchwyty: usztywniana r\u0105czka 40cm, regulowany pasek z sk\u00f3ry d\u0142. 90-115cm, \u0142a\u0144cuszek z naramiennikiem d\u0142. 115cm<\/li>\n<\/ul>\n<p>Produkt gotowy do wysy\u0142ki w max 7 dni roboczych<\/p>\n<p>&nbsp;<\/p>\n","protected":false},"excerpt":{"rendered":"<p>Mini worek uszyty z partii outletowych sk\u00f3ry.<\/p>\n<ul>\n<li>Pojedyncze sztuki z ka\u017cdego koloru, niewielkie partie,<\/li>\n<li>Wymiary: owalne dno 11x18cm, wysoko\u015b\u0107 15cm<\/li>\n<li>Wymienne uchwyty: usztywniana r\u0105czka 40cm, regulowany pasek z sk\u00f3ry d\u0142. 90-115cm, \u0142a\u0144cuszek z naramiennikiem d\u0142. 115cm<\/li>\n<\/ul>\n<p>Produkt gotowy do wysy\u0142ki w max 7 dni roboczych<\/p>\n<p>&nbsp;<\/p>\n","protected":false},"featured_media":52657,"template":"","meta":{"_et_pb_use_builder":"","_et_pb_old_content":"","_et_gb_content_width":""},"product_brand":[],"product_cat":[74],"product_tag":[],"class_list":{"0":"post-52658","1":"product","2":"type-product","3":"status-publish","4":"has-post-thumbnail","6":"product_cat-outlet","8":"first","9":"outofstock","10":"sale","11":"shipping-taxable","12":"purchasable","13":"product-type-simple"},"_links":{"self":[{"href":"https:\/\/trykot.com\/index.php\/wp-json\/wp\/v2\/product\/52658","targetHints":{"allow":["GET"]}}],"collection":[{"href":"https:\/\/trykot.com\/index.php\/wp-json\/wp\/v2\/product"}],"about":[{"href":"https:\/\/trykot.com\/index.php\/wp-json\/wp\/v2\/types\/product"}],"wp:featuredmedia":[{"embeddable":true,"href":"https:\/\/trykot.com\/index.php\/wp-json\/wp\/v2\/media\/52657"}],"wp:attachment":[{"href":"https:\/\/trykot.com\/index.php\/wp-json\/wp\/v2\/media?parent=52658"}],"wp:term":[{"taxonomy":"product_brand","embeddable":true,"href":"https:\/\/trykot.com\/index.php\/wp-json\/wp\/v2\/product_brand?post=52658"},{"taxonomy":"product_cat","embeddable":true,"href":"https:\/\/trykot.com\/index.php\/wp-json\/wp\/v2\/product_cat?post=52658"},{"taxonomy":"product_tag","embeddable":true,"href":"https:\/\/trykot.com\/index.php\/wp-json\/wp\/v2\/product_tag?post=52658"}],"curies":[{"name":"wp","href":"https:\/\/api.w.org\/{rel}","templated":true}]}}