{"id":52824,"date":"2023-10-23T11:23:35","date_gmt":"2023-10-23T09:23:35","guid":{"rendered":"https:\/\/trykot.com\/?post_type=product&#038;p=52824"},"modified":"2024-06-26T10:49:35","modified_gmt":"2024-06-26T08:49:35","slug":"duza-torba-kolo-z-plaszcza-skorzanego-zielona","status":"publish","type":"product","link":"https:\/\/trykot.com\/index.php\/produkt\/duza-torba-kolo-z-plaszcza-skorzanego-zielona\/","title":{"rendered":"Du\u017ca torba ko\u0142o z p\u0142aszcza sk\u00f3rzanego &#8211; zielona"},"content":{"rendered":"","protected":false},"excerpt":{"rendered":"<p>Torba zosta\u0142a uszyta ze sk\u00f3ry z zielonego sk\u00f3rzanego p\u0142aszcza z wykorzystaniem element\u00f3w dekoracyjnych wyst\u0119puj\u0105cych w produkcie gotowym. Ka\u017cdy egzemplarz tej torby r\u00f3\u017cni si\u0119 elementami dekoracyjnymi na froncie wi\u0119c jak chcesz wiedzie\u0107 jakie s\u0105 dost\u0119pne modele odezwij si\u0119 do nas &#8211; wy\u015blemy zdj\u0119cia. W \u015brodku torby znajduje si\u0119 czarna podszewka i praktyczna kieszonka na suwak, ca\u0142o\u015b\u0107 zapinana na suwak. Metalowe suwaki i okucia &#8211; produkt bez plastiku. Torba postada uszy do noszenia na ramieniu.<\/p>\n<p>Tkanina &#8211; sk\u00f3ra naturalna z recyklingu.<br \/>\nWymiary \u015brednica 35cm, bok 8cm, uszy 65cm<\/p>\n<p>Torba gotowa do wysy\u0142ki w 10 dni roboczych<\/p>\n<p>&nbsp;<\/p>\n","protected":false},"featured_media":52830,"template":"","meta":{"_et_pb_use_builder":"","_et_pb_old_content":"","_et_gb_content_width":""},"product_brand":[],"product_cat":[24],"product_tag":[],"class_list":{"0":"post-52824","1":"product","2":"type-product","3":"status-publish","4":"has-post-thumbnail","6":"product_cat-torby","8":"first","9":"outofstock","10":"shipping-taxable","11":"purchasable","12":"product-type-simple"},"_links":{"self":[{"href":"https:\/\/trykot.com\/index.php\/wp-json\/wp\/v2\/product\/52824","targetHints":{"allow":["GET"]}}],"collection":[{"href":"https:\/\/trykot.com\/index.php\/wp-json\/wp\/v2\/product"}],"about":[{"href":"https:\/\/trykot.com\/index.php\/wp-json\/wp\/v2\/types\/product"}],"wp:featuredmedia":[{"embeddable":true,"href":"https:\/\/trykot.com\/index.php\/wp-json\/wp\/v2\/media\/52830"}],"wp:attachment":[{"href":"https:\/\/trykot.com\/index.php\/wp-json\/wp\/v2\/media?parent=52824"}],"wp:term":[{"taxonomy":"product_brand","embeddable":true,"href":"https:\/\/trykot.com\/index.php\/wp-json\/wp\/v2\/product_brand?post=52824"},{"taxonomy":"product_cat","embeddable":true,"href":"https:\/\/trykot.com\/index.php\/wp-json\/wp\/v2\/product_cat?post=52824"},{"taxonomy":"product_tag","embeddable":true,"href":"https:\/\/trykot.com\/index.php\/wp-json\/wp\/v2\/product_tag?post=52824"}],"curies":[{"name":"wp","href":"https:\/\/api.w.org\/{rel}","templated":true}]}}