{"id":52985,"date":"2023-11-14T23:41:45","date_gmt":"2023-11-14T22:41:45","guid":{"rendered":"https:\/\/trykot.com\/?post_type=product&#038;p=52985"},"modified":"2024-04-01T14:38:38","modified_gmt":"2024-04-01T12:38:38","slug":"torba-shopper-z-narzuty-outlet","status":"publish","type":"product","link":"https:\/\/trykot.com\/index.php\/produkt\/torba-shopper-z-narzuty-outlet\/","title":{"rendered":"Torba shopper z narzuty &#8211; outlet"},"content":{"rendered":"","protected":false},"excerpt":{"rendered":"<p>Torba wykonana z fragmentu narzuty na \u0142\u00f3zko. Uszyta z zachowaniem oryginalnych element\u00f3w narzuty z kolorowym wzorem.<br \/>\nW \u015brodku torby czarna podszewka i praktyczna kieszonka na suwak.<br \/>\nWykorzystano metalowe suwaki w kolorze starego z\u0142ota oraz elementy ze sk\u00f3ry z odzysku &#8211; upcykling. Sk\u00f3rzane uszy do noszenia na ramieniu.<\/p>\n<p>Wymiary: 33x41x2cm<\/p>\n<p>OUTLET: Wycofana kolekcja. Torba gotowa do wysy\u0142ki w 3 dni robocze<\/p>\n<p>&nbsp;<\/p>\n","protected":false},"featured_media":52989,"template":"","meta":{"_et_pb_use_builder":"off","_et_pb_old_content":"","_et_gb_content_width":""},"product_brand":[],"product_cat":[74],"product_tag":[],"class_list":{"0":"post-52985","1":"product","2":"type-product","3":"status-publish","4":"has-post-thumbnail","6":"product_cat-outlet","8":"first","9":"outofstock","10":"sale","11":"shipping-taxable","12":"purchasable","13":"product-type-simple"},"_links":{"self":[{"href":"https:\/\/trykot.com\/index.php\/wp-json\/wp\/v2\/product\/52985","targetHints":{"allow":["GET"]}}],"collection":[{"href":"https:\/\/trykot.com\/index.php\/wp-json\/wp\/v2\/product"}],"about":[{"href":"https:\/\/trykot.com\/index.php\/wp-json\/wp\/v2\/types\/product"}],"wp:featuredmedia":[{"embeddable":true,"href":"https:\/\/trykot.com\/index.php\/wp-json\/wp\/v2\/media\/52989"}],"wp:attachment":[{"href":"https:\/\/trykot.com\/index.php\/wp-json\/wp\/v2\/media?parent=52985"}],"wp:term":[{"taxonomy":"product_brand","embeddable":true,"href":"https:\/\/trykot.com\/index.php\/wp-json\/wp\/v2\/product_brand?post=52985"},{"taxonomy":"product_cat","embeddable":true,"href":"https:\/\/trykot.com\/index.php\/wp-json\/wp\/v2\/product_cat?post=52985"},{"taxonomy":"product_tag","embeddable":true,"href":"https:\/\/trykot.com\/index.php\/wp-json\/wp\/v2\/product_tag?post=52985"}],"curies":[{"name":"wp","href":"https:\/\/api.w.org\/{rel}","templated":true}]}}