{"id":53026,"date":"2023-11-15T14:57:05","date_gmt":"2023-11-15T13:57:05","guid":{"rendered":"https:\/\/trykot.com\/?post_type=product&#038;p=53026"},"modified":"2026-04-16T14:51:45","modified_gmt":"2026-04-16T12:51:45","slug":"torba-shopper-khaki-z-plaszcza-skorzanego-outlet-2","status":"publish","type":"product","link":"https:\/\/trykot.com\/index.php\/produkt\/torba-shopper-khaki-z-plaszcza-skorzanego-outlet-2\/","title":{"rendered":"Torba shopper czarna z p\u0142aszcza zamszowego &#8211; outlet"},"content":{"rendered":"","protected":false},"excerpt":{"rendered":"<p>Torba wykonana z fragmentu zu\u017cytego p\u0142aszcza zamszowego w kolorze czarnym. Uszyta r\u0119cznie przez kaletnika z zachowaniem oryginalnych element\u00f3w p\u0142aszcza takich jak kieszenie, przeszycia, detale.<br \/>\nW \u015brodku torby kolorowa, wodoodporna podszewka i praktyczna kieszonka na suwak.<br \/>\nWykorzystano metalowe okucia oraz suwaki i elementy ze sk\u00f3ry z odzysku &#8211; upcykling. Uszy do noszenia na ramieniu, dwie kieszenie zewn\u0119trzne na guzik.<\/p>\n<p>Wymiary: 40x44x7cm<\/p>\n<p>OUTLET: Prototyp. Torba gotowa do wysy\u0142ki w 3 dni robocze<\/p>\n<p>&nbsp;<\/p>\n","protected":false},"featured_media":54362,"template":"","meta":{"_et_pb_use_builder":"off","_et_pb_old_content":"","_et_gb_content_width":""},"product_brand":[],"product_cat":[74],"product_tag":[],"class_list":{"0":"post-53026","1":"product","2":"type-product","3":"status-publish","4":"has-post-thumbnail","6":"product_cat-outlet","8":"first","9":"instock","10":"sale","11":"shipping-taxable","12":"purchasable","13":"product-type-simple"},"_links":{"self":[{"href":"https:\/\/trykot.com\/index.php\/wp-json\/wp\/v2\/product\/53026","targetHints":{"allow":["GET"]}}],"collection":[{"href":"https:\/\/trykot.com\/index.php\/wp-json\/wp\/v2\/product"}],"about":[{"href":"https:\/\/trykot.com\/index.php\/wp-json\/wp\/v2\/types\/product"}],"wp:featuredmedia":[{"embeddable":true,"href":"https:\/\/trykot.com\/index.php\/wp-json\/wp\/v2\/media\/54362"}],"wp:attachment":[{"href":"https:\/\/trykot.com\/index.php\/wp-json\/wp\/v2\/media?parent=53026"}],"wp:term":[{"taxonomy":"product_brand","embeddable":true,"href":"https:\/\/trykot.com\/index.php\/wp-json\/wp\/v2\/product_brand?post=53026"},{"taxonomy":"product_cat","embeddable":true,"href":"https:\/\/trykot.com\/index.php\/wp-json\/wp\/v2\/product_cat?post=53026"},{"taxonomy":"product_tag","embeddable":true,"href":"https:\/\/trykot.com\/index.php\/wp-json\/wp\/v2\/product_tag?post=53026"}],"curies":[{"name":"wp","href":"https:\/\/api.w.org\/{rel}","templated":true}]}}