{"id":53349,"date":"2024-01-16T14:38:24","date_gmt":"2024-01-16T13:38:24","guid":{"rendered":"https:\/\/trykot.com\/?post_type=product&#038;p=53349"},"modified":"2024-07-10T12:16:39","modified_gmt":"2024-07-10T10:16:39","slug":"lniana-kosmetyczka-z-kieszenia-outlet-kopia","status":"publish","type":"product","link":"https:\/\/trykot.com\/index.php\/produkt\/lniana-kosmetyczka-z-kieszenia-outlet-kopia\/","title":{"rendered":"Lniana kosmetyczka z kieszeni\u0105 &#8211; outlet"},"content":{"rendered":"","protected":false},"excerpt":{"rendered":"<div class=\"et_pb_module et_pb_wc_description et_pb_wc_description_0_tb_body et_pb_bg_layout_light et_pb_text_align_justified\">\n<div class=\"et_pb_module_inner\">\n<p>Kosmetyczka uszyta z fragmentu lnianego worka wojskowego z lat 50-tych XXw., w kt\u00f3rych przechowywana by\u0142a odzie\u017c. Kiesze\u0144 przyszyta z przodu kosmetyczki to fragment sk\u00f3ry z partii outletowych przeznaczonych do utylizacji.<br \/>\nW \u015brodku bawe\u0142niana podszewka i lniana kieszonka zapinana na suwak.<br \/>\nWymiary: 22x30x7cm<\/p>\n<p>OUTLET: Pojedyncza sztuka gotowa do wysy\u0142ki w 3 dni robocze<\/p>\n<\/div>\n<\/div>\n<p>&nbsp;<\/p>\n","protected":false},"featured_media":53350,"template":"","meta":{"_et_pb_use_builder":"off","_et_pb_old_content":"","_et_gb_content_width":""},"product_brand":[],"product_cat":[74],"product_tag":[],"class_list":{"0":"post-53349","1":"product","2":"type-product","3":"status-publish","4":"has-post-thumbnail","6":"product_cat-outlet","8":"first","9":"outofstock","10":"sale","11":"shipping-taxable","12":"purchasable","13":"product-type-simple"},"_links":{"self":[{"href":"https:\/\/trykot.com\/index.php\/wp-json\/wp\/v2\/product\/53349","targetHints":{"allow":["GET"]}}],"collection":[{"href":"https:\/\/trykot.com\/index.php\/wp-json\/wp\/v2\/product"}],"about":[{"href":"https:\/\/trykot.com\/index.php\/wp-json\/wp\/v2\/types\/product"}],"wp:featuredmedia":[{"embeddable":true,"href":"https:\/\/trykot.com\/index.php\/wp-json\/wp\/v2\/media\/53350"}],"wp:attachment":[{"href":"https:\/\/trykot.com\/index.php\/wp-json\/wp\/v2\/media?parent=53349"}],"wp:term":[{"taxonomy":"product_brand","embeddable":true,"href":"https:\/\/trykot.com\/index.php\/wp-json\/wp\/v2\/product_brand?post=53349"},{"taxonomy":"product_cat","embeddable":true,"href":"https:\/\/trykot.com\/index.php\/wp-json\/wp\/v2\/product_cat?post=53349"},{"taxonomy":"product_tag","embeddable":true,"href":"https:\/\/trykot.com\/index.php\/wp-json\/wp\/v2\/product_tag?post=53349"}],"curies":[{"name":"wp","href":"https:\/\/api.w.org\/{rel}","templated":true}]}}