{"id":53667,"date":"2024-03-21T14:36:13","date_gmt":"2024-03-21T13:36:13","guid":{"rendered":"https:\/\/trykot.com\/?post_type=product&#038;p=53667"},"modified":"2025-01-26T01:08:53","modified_gmt":"2025-01-26T00:08:53","slug":"ciemna-zielen-polksiezyc-z-plaszcza-skorzanego-outlet","status":"publish","type":"product","link":"https:\/\/trykot.com\/index.php\/produkt\/ciemna-zielen-polksiezyc-z-plaszcza-skorzanego-outlet\/","title":{"rendered":"Ciemna ziele\u0144 &#8211; p\u00f3\u0142ksi\u0119\u017cyc z p\u0142aszcza sk\u00f3rzanego &#8211; outlet"},"content":{"rendered":"","protected":false},"excerpt":{"rendered":"<p>Torebka-p\u00f3\u0142ksi\u0119\u017cyc wykonana z fragmentu zu\u017cytego sk\u00f3rzanego p\u0142aszcza w kolorze ciemno zielonym. Uszyta r\u0119cznie przez kaletnika z zachowaniem oryginalnych element\u00f3w p\u0142aszcza takich jak kieszenie, przeszycia, detale. Elegancka i minimalistyczna a zarazem ekologiczna, bo z tkaniny z wt\u00f3rnego obiegu.<br \/>\nW \u015brodku kolorowa podszewka i praktyczna kieszonka na suwak. Regulowany, odpinany pasek ze sk\u00f3ry, zapinany na karabi\u0144czyki. Dodatkowy \u0142a\u0144cuszek dopinany na karabi\u0144czyki. Klapka zapinana na magnes. Wykorzystano metalowe okucia oraz suwaki i elementy ze sk\u00f3ry z odzysku &#8211; upcykling.<\/p>\n<p>Wymiary: 26x20x8cm, d\u0142ugo\u015b\u0107 paska ze sk\u00f3ry 77-140cm, d\u0142ugo\u015b\u0107 \u0142a\u0144cuszka 125cm<\/p>\n<p>OUTLET: Pojedyncza sztuka. Torba gotowa do wysy\u0142ki w 3 dni robocze<\/p>\n","protected":false},"featured_media":53670,"template":"","meta":{"_et_pb_use_builder":"off","_et_pb_old_content":"","_et_gb_content_width":""},"product_brand":[],"product_cat":[74],"product_tag":[],"class_list":{"0":"post-53667","1":"product","2":"type-product","3":"status-publish","4":"has-post-thumbnail","6":"product_cat-outlet","8":"first","9":"outofstock","10":"sale","11":"shipping-taxable","12":"purchasable","13":"product-type-simple"},"_links":{"self":[{"href":"https:\/\/trykot.com\/index.php\/wp-json\/wp\/v2\/product\/53667","targetHints":{"allow":["GET"]}}],"collection":[{"href":"https:\/\/trykot.com\/index.php\/wp-json\/wp\/v2\/product"}],"about":[{"href":"https:\/\/trykot.com\/index.php\/wp-json\/wp\/v2\/types\/product"}],"wp:featuredmedia":[{"embeddable":true,"href":"https:\/\/trykot.com\/index.php\/wp-json\/wp\/v2\/media\/53670"}],"wp:attachment":[{"href":"https:\/\/trykot.com\/index.php\/wp-json\/wp\/v2\/media?parent=53667"}],"wp:term":[{"taxonomy":"product_brand","embeddable":true,"href":"https:\/\/trykot.com\/index.php\/wp-json\/wp\/v2\/product_brand?post=53667"},{"taxonomy":"product_cat","embeddable":true,"href":"https:\/\/trykot.com\/index.php\/wp-json\/wp\/v2\/product_cat?post=53667"},{"taxonomy":"product_tag","embeddable":true,"href":"https:\/\/trykot.com\/index.php\/wp-json\/wp\/v2\/product_tag?post=53667"}],"curies":[{"name":"wp","href":"https:\/\/api.w.org\/{rel}","templated":true}]}}