{"id":54102,"date":"2025-01-21T13:02:44","date_gmt":"2025-01-21T12:02:44","guid":{"rendered":"https:\/\/trykot.com\/?post_type=product&#038;p=54102"},"modified":"2025-01-21T13:10:55","modified_gmt":"2025-01-21T12:10:55","slug":"torba-kolko-z-brezentu-i-skory-wersja-jasna","status":"publish","type":"product","link":"https:\/\/trykot.com\/index.php\/produkt\/torba-kolko-z-brezentu-i-skory-wersja-jasna\/","title":{"rendered":"Torba k\u00f3\u0142ko z brezentu i sk\u00f3ry (wersja jasna)"},"content":{"rendered":"","protected":false},"excerpt":{"rendered":"<p>Torba zosta\u0142a uszyta z tkaniny z noszy wojskowych u\u017cywanych w latach 50-tych w polskiej armii jako \u0142\u00f3zka polowe oraz sk\u00f3ry naturalnej z partii przeznaczonej do utylizacji &#8211; upcykling.<br \/>\nBrezent wojskowy to bardzo wytrzyma\u0142a tkanina o w\u0142a\u015bciwo\u015bciach wodoszczelnych. W \u015brodku torby kolorowa podszewka i praktyczna kieszonka na suwak, ca\u0142o\u015b\u0107 zapinana na suwak. Metalowe suwaki i okucia &#8211; produkt bez plastiku. Dodatkowo torba posiada d\u0142ugi, regulowany pasek ze sk\u00f3ry.<\/p>\n<p>Tkanina &#8211; wojskowy brezent wodoodporny.<br \/>\nWymiary \u015brednica 25cm, bok 6cm, regulowany pasek z sk\u00f3ry<\/p>\n<p>Torba gotowa do wysy\u0142ki w 7 dni roboczych<\/p>\n","protected":false},"featured_media":54106,"template":"","meta":{"_et_pb_use_builder":"","_et_pb_old_content":"","_et_gb_content_width":""},"product_brand":[],"product_cat":[24],"product_tag":[],"class_list":{"0":"post-54102","1":"product","2":"type-product","3":"status-publish","4":"has-post-thumbnail","6":"product_cat-torby","8":"first","9":"instock","10":"shipping-taxable","11":"purchasable","12":"product-type-simple"},"_links":{"self":[{"href":"https:\/\/trykot.com\/index.php\/wp-json\/wp\/v2\/product\/54102","targetHints":{"allow":["GET"]}}],"collection":[{"href":"https:\/\/trykot.com\/index.php\/wp-json\/wp\/v2\/product"}],"about":[{"href":"https:\/\/trykot.com\/index.php\/wp-json\/wp\/v2\/types\/product"}],"wp:featuredmedia":[{"embeddable":true,"href":"https:\/\/trykot.com\/index.php\/wp-json\/wp\/v2\/media\/54106"}],"wp:attachment":[{"href":"https:\/\/trykot.com\/index.php\/wp-json\/wp\/v2\/media?parent=54102"}],"wp:term":[{"taxonomy":"product_brand","embeddable":true,"href":"https:\/\/trykot.com\/index.php\/wp-json\/wp\/v2\/product_brand?post=54102"},{"taxonomy":"product_cat","embeddable":true,"href":"https:\/\/trykot.com\/index.php\/wp-json\/wp\/v2\/product_cat?post=54102"},{"taxonomy":"product_tag","embeddable":true,"href":"https:\/\/trykot.com\/index.php\/wp-json\/wp\/v2\/product_tag?post=54102"}],"curies":[{"name":"wp","href":"https:\/\/api.w.org\/{rel}","templated":true}]}}