{"id":54169,"date":"2025-01-21T17:27:42","date_gmt":"2025-01-21T16:27:42","guid":{"rendered":"https:\/\/trykot.com\/?post_type=product&#038;p=54169"},"modified":"2026-04-16T14:11:44","modified_gmt":"2026-04-16T12:11:44","slug":"duzy-brazowy-worek-z-plaszcza-skorzanego","status":"publish","type":"product","link":"https:\/\/trykot.com\/index.php\/produkt\/duzy-brazowy-worek-z-plaszcza-skorzanego\/","title":{"rendered":"Du\u017cy br\u0105zowy worek z p\u0142aszcza sk\u00f3rzanego"},"content":{"rendered":"","protected":false},"excerpt":{"rendered":"<p>Worek zosta\u0142 uszyty ze sk\u00f3ry z br\u0105zowego sk\u00f3rzanego p\u0142aszcza z wykorzystaniem element\u00f3w dekoracyjnych wyst\u0119puj\u0105cych w produkcie gotowym. W \u015brodku torby znajduje si\u0119 kolorowa podszewka i praktyczna kieszonka na suwak, ca\u0142o\u015b\u0107 \u015bci\u0105gana rzemieniem ze sk\u00f3ry z dekoracyjnymi ko\u0144c\u00f3wkami. Metalowe suwaki i okucia \u2013 produkt bez plastiku. Dodatkowo worek posiada d\u0142ugi, regulowany pasek ze sk\u00f3ry, r\u0105czk\u0119 oraz odpinany pasek do noszenia na plecach.<\/p>\n<p>Tkanina \u2013 sk\u00f3ra naturalna z recyklingu.<br \/>\nWymiary: owalne dno 20x30cm, wysoko\u015b\u0107 38cm, szeroko\u015b\u0107 g\u00f3rnej kraw\u0119dzi 38cm regulowany pasek z sk\u00f3ry<\/p>\n<p>Torba gotowa do wysy\u0142ki w 7 dni roboczych<\/p>\n","protected":false},"featured_media":54360,"template":"","meta":{"_et_pb_use_builder":"","_et_pb_old_content":"","_et_gb_content_width":""},"product_brand":[],"product_cat":[24,27],"product_tag":[],"class_list":{"0":"post-54169","1":"product","2":"type-product","3":"status-publish","4":"has-post-thumbnail","6":"product_cat-torby","7":"product_cat-unikaty","9":"first","10":"instock","11":"shipping-taxable","12":"purchasable","13":"product-type-simple"},"_links":{"self":[{"href":"https:\/\/trykot.com\/index.php\/wp-json\/wp\/v2\/product\/54169","targetHints":{"allow":["GET"]}}],"collection":[{"href":"https:\/\/trykot.com\/index.php\/wp-json\/wp\/v2\/product"}],"about":[{"href":"https:\/\/trykot.com\/index.php\/wp-json\/wp\/v2\/types\/product"}],"wp:featuredmedia":[{"embeddable":true,"href":"https:\/\/trykot.com\/index.php\/wp-json\/wp\/v2\/media\/54360"}],"wp:attachment":[{"href":"https:\/\/trykot.com\/index.php\/wp-json\/wp\/v2\/media?parent=54169"}],"wp:term":[{"taxonomy":"product_brand","embeddable":true,"href":"https:\/\/trykot.com\/index.php\/wp-json\/wp\/v2\/product_brand?post=54169"},{"taxonomy":"product_cat","embeddable":true,"href":"https:\/\/trykot.com\/index.php\/wp-json\/wp\/v2\/product_cat?post=54169"},{"taxonomy":"product_tag","embeddable":true,"href":"https:\/\/trykot.com\/index.php\/wp-json\/wp\/v2\/product_tag?post=54169"}],"curies":[{"name":"wp","href":"https:\/\/api.w.org\/{rel}","templated":true}]}}