{"id":54195,"date":"2025-02-25T17:31:07","date_gmt":"2025-02-25T16:31:07","guid":{"rendered":"https:\/\/trykot.com\/?post_type=product&#038;p=54195"},"modified":"2026-02-23T13:09:45","modified_gmt":"2026-02-23T12:09:45","slug":"mala-skorzana-nerka-z-kanapy-skorzanej-braz","status":"publish","type":"product","link":"https:\/\/trykot.com\/index.php\/produkt\/mala-skorzana-nerka-z-kanapy-skorzanej-braz\/","title":{"rendered":"LIMITED: Ma\u0142a sk\u00f3rzana nerka z kanapy &#8211; br\u0105z"},"content":{"rendered":"","protected":false},"excerpt":{"rendered":"<p>Saszetka wykonana z fragmentu solidnej sk\u00f3ry tapicerskiej kt\u00f3ra przez lata s\u0142u\u017cy\u0142a jako obicie naro\u017cnika. Uszyta r\u0119cznie przez kaletnika z zachowaniem oryginalnych element\u00f3w kanapy takich jak przeszycia i detale.<br \/>\nW \u015brodku saszetki bawe\u0142niana podszewka i praktyczna kieszonka na suwak. Regulowany pasek ta\u015bmy no\u015bnej 3cm zapinany na karabi\u0144czyk. Wykorzystano metalowe okucia oraz suwaki i elementy ze sk\u00f3ry z odzysku &#8211; upcykling.<br \/>\nWymiary: 22x16x9cm, obw\u00f3d 80-110cm<\/p>\n<p>Produkt z recyklingu, zdj\u0119cia maj\u0105 charakter pogl\u0105dowy: detale, kolor, faktura tkaniny mog\u0105 si\u0119 r\u00f3\u017cni\u0107 w stosunku do zamieszczonych zdj\u0119\u0107 produktu. Produkt gotowy do wysy\u0142ki w 15 dni roboczych<\/p>\n<p>&nbsp;<\/p>\n","protected":false},"featured_media":54197,"template":"","meta":{"_et_pb_use_builder":"off","_et_pb_old_content":"","_et_gb_content_width":""},"product_brand":[],"product_cat":[26,34,24],"product_tag":[],"class_list":{"0":"post-54195","1":"product","2":"type-product","3":"status-publish","4":"has-post-thumbnail","6":"product_cat-akcesoria","7":"product_cat-nerki","8":"product_cat-torby","10":"first","11":"instock","12":"sale","13":"shipping-taxable","14":"purchasable","15":"product-type-simple"},"_links":{"self":[{"href":"https:\/\/trykot.com\/index.php\/wp-json\/wp\/v2\/product\/54195","targetHints":{"allow":["GET"]}}],"collection":[{"href":"https:\/\/trykot.com\/index.php\/wp-json\/wp\/v2\/product"}],"about":[{"href":"https:\/\/trykot.com\/index.php\/wp-json\/wp\/v2\/types\/product"}],"wp:featuredmedia":[{"embeddable":true,"href":"https:\/\/trykot.com\/index.php\/wp-json\/wp\/v2\/media\/54197"}],"wp:attachment":[{"href":"https:\/\/trykot.com\/index.php\/wp-json\/wp\/v2\/media?parent=54195"}],"wp:term":[{"taxonomy":"product_brand","embeddable":true,"href":"https:\/\/trykot.com\/index.php\/wp-json\/wp\/v2\/product_brand?post=54195"},{"taxonomy":"product_cat","embeddable":true,"href":"https:\/\/trykot.com\/index.php\/wp-json\/wp\/v2\/product_cat?post=54195"},{"taxonomy":"product_tag","embeddable":true,"href":"https:\/\/trykot.com\/index.php\/wp-json\/wp\/v2\/product_tag?post=54195"}],"curies":[{"name":"wp","href":"https:\/\/api.w.org\/{rel}","templated":true}]}}