{"id":54238,"date":"2025-03-24T12:27:18","date_gmt":"2025-03-24T11:27:18","guid":{"rendered":"https:\/\/trykot.com\/?post_type=product&#038;p=54238"},"modified":"2026-03-16T13:21:09","modified_gmt":"2026-03-16T12:21:09","slug":"mini-worek-ze-skory-pudrowy-roz","status":"publish","type":"product","link":"https:\/\/trykot.com\/index.php\/produkt\/mini-worek-ze-skory-pudrowy-roz\/","title":{"rendered":"Mini worek ze sk\u00f3ry &#8211; pudrowy r\u00f3\u017c"},"content":{"rendered":"<p>Mini worek uszyty z partii outletowych sk\u00f3ry.<\/p>\n<ul>\n<li>Pojedyncze sztuki z ka\u017cdego koloru, niewielkie partie,<\/li>\n<li>Wymiary: owalne dno 11x15cm, wysoko\u015b\u0107 20cm<\/li>\n<li>Wymienne uchwyty: usztywniana r\u0105czka 40cm, regulowany pasek z sk\u00f3ry d\u0142. 95-105cm, \u0142a\u0144cuszek z naramiennikiem d\u0142. 115cm<\/li>\n<\/ul>\n<p>Produkt gotowy do wysy\u0142ki w max 7 dni roboczych<\/p>\n<p>&nbsp;<\/p>\n","protected":false},"excerpt":{"rendered":"<p>Mini worek uszyty z partii outletowych sk\u00f3ry.<\/p>\n<ul>\n<li>Pojedyncze sztuki z ka\u017cdego koloru, niewielkie partie,<\/li>\n<li>Wymiary: owalne dno 11x18cm, wysoko\u015b\u0107 15cm<\/li>\n<li>Wymienne uchwyty: usztywniana r\u0105czka 40cm, regulowany pasek z sk\u00f3ry d\u0142. 90-115cm, \u0142a\u0144cuszek z naramiennikiem d\u0142. 115cm<\/li>\n<\/ul>\n<p>Produkt gotowy do wysy\u0142ki w max 7 dni roboczych<\/p>\n<p>&nbsp;<\/p>\n","protected":false},"featured_media":54239,"template":"","meta":{"_et_pb_use_builder":"","_et_pb_old_content":"","_et_gb_content_width":""},"product_brand":[],"product_cat":[24,27],"product_tag":[],"class_list":{"0":"post-54238","1":"product","2":"type-product","3":"status-publish","4":"has-post-thumbnail","6":"product_cat-torby","7":"product_cat-unikaty","9":"first","10":"outofstock","11":"shipping-taxable","12":"purchasable","13":"product-type-simple"},"_links":{"self":[{"href":"https:\/\/trykot.com\/index.php\/wp-json\/wp\/v2\/product\/54238","targetHints":{"allow":["GET"]}}],"collection":[{"href":"https:\/\/trykot.com\/index.php\/wp-json\/wp\/v2\/product"}],"about":[{"href":"https:\/\/trykot.com\/index.php\/wp-json\/wp\/v2\/types\/product"}],"wp:featuredmedia":[{"embeddable":true,"href":"https:\/\/trykot.com\/index.php\/wp-json\/wp\/v2\/media\/54239"}],"wp:attachment":[{"href":"https:\/\/trykot.com\/index.php\/wp-json\/wp\/v2\/media?parent=54238"}],"wp:term":[{"taxonomy":"product_brand","embeddable":true,"href":"https:\/\/trykot.com\/index.php\/wp-json\/wp\/v2\/product_brand?post=54238"},{"taxonomy":"product_cat","embeddable":true,"href":"https:\/\/trykot.com\/index.php\/wp-json\/wp\/v2\/product_cat?post=54238"},{"taxonomy":"product_tag","embeddable":true,"href":"https:\/\/trykot.com\/index.php\/wp-json\/wp\/v2\/product_tag?post=54238"}],"curies":[{"name":"wp","href":"https:\/\/api.w.org\/{rel}","templated":true}]}}