{"id":54370,"date":"2026-04-28T15:41:53","date_gmt":"2026-04-28T13:41:53","guid":{"rendered":"https:\/\/trykot.com\/?post_type=product&#038;p=54370"},"modified":"2026-04-28T15:47:53","modified_gmt":"2026-04-28T13:47:53","slug":"torba-podrozna-z-tkaniny-konopnej-i-skory","status":"publish","type":"product","link":"https:\/\/trykot.com\/index.php\/produkt\/torba-podrozna-z-tkaniny-konopnej-i-skory\/","title":{"rendered":"Torba podr\u00f3\u017cna z tkaniny konopnej i sk\u00f3ry"},"content":{"rendered":"","protected":false},"excerpt":{"rendered":"<p>Elegancka torba podr\u00f3\u017cna zosta\u0142a wykonana z tkaniny konopnej oraz element\u00f3w sk\u00f3ry z m\u0119skiej kurtki w kolorze br\u0105zowym. Dzi\u0119ki r\u0119cznemu wykonaniu oraz solidnej pracy kaletniczej torba jest bardzo wytrzyma\u0142a, elegancka i ponadczasowa. Pojemne wn\u0119trze torby zosta\u0142o wy\u015bcie\u0142ane drelichow\u0105 podszewk\u0105 z praktyczn\u0105 kieszeni\u0105 zapinan\u0105 na suwak. Torba ma sk\u00f3rzane, usztywnione uszy oraz odpinany, regulowany d\u0142ugi pasek z ta\u015bmy no\u015bnej.<br \/>\nWymiary: 20x51cm wys. 31cm, uszy 45cm<\/p>\n<p>Torba gotowa do wysy\u0142ki w 10dni roboczych<\/p>\n","protected":false},"featured_media":54372,"template":"","meta":{"_et_pb_use_builder":"","_et_pb_old_content":"","_et_gb_content_width":""},"product_brand":[],"product_cat":[24,27],"product_tag":[],"class_list":{"0":"post-54370","1":"product","2":"type-product","3":"status-publish","4":"has-post-thumbnail","6":"product_cat-torby","7":"product_cat-unikaty","9":"first","10":"instock","11":"shipping-taxable","12":"purchasable","13":"product-type-simple"},"_links":{"self":[{"href":"https:\/\/trykot.com\/index.php\/wp-json\/wp\/v2\/product\/54370","targetHints":{"allow":["GET"]}}],"collection":[{"href":"https:\/\/trykot.com\/index.php\/wp-json\/wp\/v2\/product"}],"about":[{"href":"https:\/\/trykot.com\/index.php\/wp-json\/wp\/v2\/types\/product"}],"wp:featuredmedia":[{"embeddable":true,"href":"https:\/\/trykot.com\/index.php\/wp-json\/wp\/v2\/media\/54372"}],"wp:attachment":[{"href":"https:\/\/trykot.com\/index.php\/wp-json\/wp\/v2\/media?parent=54370"}],"wp:term":[{"taxonomy":"product_brand","embeddable":true,"href":"https:\/\/trykot.com\/index.php\/wp-json\/wp\/v2\/product_brand?post=54370"},{"taxonomy":"product_cat","embeddable":true,"href":"https:\/\/trykot.com\/index.php\/wp-json\/wp\/v2\/product_cat?post=54370"},{"taxonomy":"product_tag","embeddable":true,"href":"https:\/\/trykot.com\/index.php\/wp-json\/wp\/v2\/product_tag?post=54370"}],"curies":[{"name":"wp","href":"https:\/\/api.w.org\/{rel}","templated":true}]}}