{"id":54403,"date":"2026-04-29T18:54:16","date_gmt":"2026-04-29T16:54:16","guid":{"rendered":"https:\/\/trykot.com\/?post_type=product&#038;p=54403"},"modified":"2026-04-29T19:06:29","modified_gmt":"2026-04-29T17:06:29","slug":"sliwkowa-kamizelka-z-kurtki-vintage","status":"publish","type":"product","link":"https:\/\/trykot.com\/index.php\/produkt\/sliwkowa-kamizelka-z-kurtki-vintage\/","title":{"rendered":"\u015aliwkowa kamizelka z kurtki vintage"},"content":{"rendered":"<p>Elegancka kamizelka o kroju oversize zosta\u0142a stworzona z klasycznej kurtki vintage z lat 80-tych w g\u0142\u0119bokim, \u015bliwkowym kolorze. Dla podkre\u015blenia wyj\u0105tkowego stylu zyska\u0142a nowe \u017cycie, \u0142\u0105cz\u0105c szlachetn\u0105 faktur\u0119 materia\u0142u z ponadczasowym, lekko retro fasonem i regulowanym paskiem z ty\u0142u na wysoko\u015bci talii \u2013 idealnym do perfekcyjnego dopasowania.<\/p>\n<p>To propozycja dla os\u00f3b ceni\u0105cych \u015bwiadome wybory modowe \u2013 ka\u017cdy detal, od mi\u0119kko\u015bci materia\u0142u po staranne wyko\u0144czenie wn\u0119trza, \u015bwiadczy o rzemie\u015blniczym podej\u015bciu do upcyklingu. Kamizelka \u015bwietnie sprawdza si\u0119 w warstwowych stylizacjach, zar\u00f3wno eleganckich, jak i codziennych, miejskich outfitach.<\/p>\n<p>Dzi\u0119ki wykorzystaniu materia\u0142u z drugiego obiegu, ka\u017cda sztuka jest unikatowa \u2013 delikatne niedoskona\u0142o\u015bci faktury podkre\u015blaj\u0105 jej histori\u0119 i autentyczno\u015b\u0107. To nie tylko element garderoby, ale manifest zr\u00f3wnowa\u017conej mody! <\/p>\n<p>Wymiary:<\/p>\n<p>Szeroko\u015b\u0107 (od pachy do pachy): 59cm<br \/>\nD\u0142ugo\u015b\u0107 ca\u0142kowita 82cm<\/p>\n<p>Tylko jeden egzemplarz! Gotowy do wysy\u0142ki w 3 dni robocze. <\/p>\n","protected":false},"excerpt":{"rendered":"<p>Mini worek uszyty z partii outletowych sk\u00f3ry.<\/p>\n<ul>\n<li>Pojedyncze sztuki z ka\u017cdego koloru, niewielkie partie,<\/li>\n<li>Wymiary: owalne dno 11x18cm, wysoko\u015b\u0107 15cm<\/li>\n<li>Wymienne uchwyty: usztywniana r\u0105czka 40cm, regulowany pasek z sk\u00f3ry d\u0142. 90-115cm, \u0142a\u0144cuszek z naramiennikiem d\u0142. 115cm<\/li>\n<\/ul>\n<p>Produkt gotowy do wysy\u0142ki w max 7 dni roboczych<\/p>\n<p>&nbsp;<\/p>\n","protected":false},"featured_media":54404,"template":"","meta":{"_et_pb_use_builder":"","_et_pb_old_content":"","_et_gb_content_width":""},"product_brand":[],"product_cat":[88,27],"product_tag":[],"class_list":{"0":"post-54403","1":"product","2":"type-product","3":"status-publish","4":"has-post-thumbnail","6":"product_cat-kurtki","7":"product_cat-unikaty","9":"first","10":"instock","11":"shipping-taxable","12":"purchasable","13":"product-type-simple"},"_links":{"self":[{"href":"https:\/\/trykot.com\/index.php\/wp-json\/wp\/v2\/product\/54403","targetHints":{"allow":["GET"]}}],"collection":[{"href":"https:\/\/trykot.com\/index.php\/wp-json\/wp\/v2\/product"}],"about":[{"href":"https:\/\/trykot.com\/index.php\/wp-json\/wp\/v2\/types\/product"}],"wp:featuredmedia":[{"embeddable":true,"href":"https:\/\/trykot.com\/index.php\/wp-json\/wp\/v2\/media\/54404"}],"wp:attachment":[{"href":"https:\/\/trykot.com\/index.php\/wp-json\/wp\/v2\/media?parent=54403"}],"wp:term":[{"taxonomy":"product_brand","embeddable":true,"href":"https:\/\/trykot.com\/index.php\/wp-json\/wp\/v2\/product_brand?post=54403"},{"taxonomy":"product_cat","embeddable":true,"href":"https:\/\/trykot.com\/index.php\/wp-json\/wp\/v2\/product_cat?post=54403"},{"taxonomy":"product_tag","embeddable":true,"href":"https:\/\/trykot.com\/index.php\/wp-json\/wp\/v2\/product_tag?post=54403"}],"curies":[{"name":"wp","href":"https:\/\/api.w.org\/{rel}","templated":true}]}}