{"id":54410,"date":"2026-05-14T10:47:17","date_gmt":"2026-05-14T08:47:17","guid":{"rendered":"https:\/\/trykot.com\/?post_type=product&#038;p=54410"},"modified":"2026-05-14T19:43:53","modified_gmt":"2026-05-14T17:43:53","slug":"mala-torebka-z-worka-wojskowego-2","status":"publish","type":"product","link":"https:\/\/trykot.com\/index.php\/produkt\/mala-torebka-z-worka-wojskowego-2\/","title":{"rendered":"Ma\u0142a torebka z worka wojskowego"},"content":{"rendered":"","protected":false},"excerpt":{"rendered":"<p>Niewielka, por\u0119czna torebka uszyta z recyklingowego worka wojskowego. Worek by\u0142 u\u017cywany w latach 40-50tych XXw. do transport\u00f3w medycznych. Bardzo wytrzyma\u0142a tkanina o w\u0142a\u015bciwo\u015bciach wodoszczelnych. W \u015brodku torby bawe\u0142niana podszewka i praktyczna kieszonka na suwak, ca\u0142o\u015b\u0107 zapinana na magnes. Pasek wykonany z \u0142a\u0144cuszka o d\u0142ugo\u015bci 110cm.<br \/>\nTkanina &#8211; wojskowy brezent &#8211; wodoodporny.<br \/>\nWymiary ok. 23x18x5cm<br \/>\nUWAGA! Wymiary, kolor oraz element wyko\u0144czenia mog\u0105 si\u0119 nieznacznie r\u00f3\u017cni\u0107 od zamieszczonych w ofercie zdj\u0119\u0107<br \/>\nTorba gotowa do wysy\u0142ki w 7 dni<\/p>\n<p>Najni\u017csza cena z ostatnich 30 dni to 149z\u0142<\/p>\n","protected":false},"featured_media":50394,"template":"","meta":{"_et_pb_use_builder":"","_et_pb_old_content":"","_et_gb_content_width":""},"product_brand":[],"product_cat":[24],"product_tag":[],"class_list":{"0":"post-54410","1":"product","2":"type-product","3":"status-publish","4":"has-post-thumbnail","6":"product_cat-torby","8":"first","9":"instock","10":"shipping-taxable","11":"purchasable","12":"product-type-simple"},"_links":{"self":[{"href":"https:\/\/trykot.com\/index.php\/wp-json\/wp\/v2\/product\/54410","targetHints":{"allow":["GET"]}}],"collection":[{"href":"https:\/\/trykot.com\/index.php\/wp-json\/wp\/v2\/product"}],"about":[{"href":"https:\/\/trykot.com\/index.php\/wp-json\/wp\/v2\/types\/product"}],"wp:featuredmedia":[{"embeddable":true,"href":"https:\/\/trykot.com\/index.php\/wp-json\/wp\/v2\/media\/50394"}],"wp:attachment":[{"href":"https:\/\/trykot.com\/index.php\/wp-json\/wp\/v2\/media?parent=54410"}],"wp:term":[{"taxonomy":"product_brand","embeddable":true,"href":"https:\/\/trykot.com\/index.php\/wp-json\/wp\/v2\/product_brand?post=54410"},{"taxonomy":"product_cat","embeddable":true,"href":"https:\/\/trykot.com\/index.php\/wp-json\/wp\/v2\/product_cat?post=54410"},{"taxonomy":"product_tag","embeddable":true,"href":"https:\/\/trykot.com\/index.php\/wp-json\/wp\/v2\/product_tag?post=54410"}],"curies":[{"name":"wp","href":"https:\/\/api.w.org\/{rel}","templated":true}]}}